{"id":944,"date":"2018-04-08T12:20:56","date_gmt":"2018-04-08T10:20:56","guid":{"rendered":"https:\/\/fizyka-zsel.pl\/home\/?page_id=944"},"modified":"2021-05-15T10:02:35","modified_gmt":"2021-05-15T08:02:35","slug":"informacja-o-turnieju","status":"publish","type":"page","link":"https:\/\/fizyka-zsel.pl\/home\/informacja-o-turnieju\/","title":{"rendered":"Informacja o turnieju"},"content":{"rendered":"<h2>Mistrzostwa &#8222;Elektryka&#8221; w pi\u0142ce koszykowej<\/h2>\n<h4>Grupy<\/h4>\n<p><center><\/p>\n<table>\n<tbody>\n<tr>\n<td width=\"200px\"><strong>I grupa<\/strong><\/td>\n<td width=\"200px\"><strong>II grupa<\/strong><\/td>\n<td width=\"200px\"><strong>III grupa<\/strong><\/td>\n<\/tr>\n<tr>\n<td>I TB<br \/>\nII TE<br \/>\nIV TC<br \/>\nI TC<br \/>\nIV TE<\/td>\n<td>I A\/BZ<br \/>\nI TF<br \/>\nII TA<br \/>\nII TF<br \/>\nII TB<\/td>\n<td>IV TA<br \/>\nI TA<br \/>\nIII TA<br \/>\nIV TD<br \/>\nI TD<\/td>\n<\/tr>\n<tr>\n<td colspan=\"3\"><strong>Wyniki mecz\u00f3w grupowych<\/strong><\/td>\n<\/tr>\n<tr>\n<td>II TE &#8211; IV TE<br \/>\n11:2<\/p>\n<p>IV TC &#8211; I TC<br \/>\n9:7<\/p>\n<p>IV TE &#8211; IV TC<br \/>\n4:10<\/p>\n<p>I TB &#8211; II TE<br \/>\n18:6<\/p>\n<p>IV TC &#8211; I TB<br \/>\n6:14<\/p>\n<p>I TC &#8211; IV TE<br \/>\n14:6<\/p>\n<p>I TB &#8211; I TC<br \/>\n14:11<\/p>\n<p>II TE &#8211; IV TC<br \/>\n6:18<\/p>\n<p>I TC &#8211; II TE<br \/>\n17:8<\/p>\n<p>IV TE &#8211; I TB<br \/>\n5:12<\/td>\n<td>I TF &#8211; II TB<br \/>\n10:9<\/p>\n<p>II TA &#8211; II TF<br \/>\n4:6<\/p>\n<p>II TB &#8211; II TA<br \/>\n8:10<\/p>\n<p>I A\/Bz&nbsp;&#8211; I TF<br \/>\n8:2<\/p>\n<p>II TA &#8211; I A\/Bz<br \/>\n11:5<\/p>\n<p>II TF &#8211; II TB<br \/>\n12:4<\/p>\n<p>I A\/Bz&nbsp;&#8211; II TF<br \/>\n6:6<\/p>\n<p>I TF &#8211; II TA<br \/>\n5:5<\/p>\n<p>II TF &#8211; I TF<br \/>\n14:8<\/p>\n<p>II TB &#8211; I A\/Bz<br \/>\n2:12<\/td>\n<td>&nbsp;I TA &#8211; I TD&nbsp;<br \/>\n14 : 12<\/p>\n<p>III TA &#8211; IV TD&nbsp;<br \/>\n4:14<\/p>\n<p>I TD &#8211; III TA &nbsp;<br \/>\n12:4<\/p>\n<p>IV TA &#8211; I TA<br \/>\n10:8<\/p>\n<p>III TA &#8211; IV TA<br \/>\n0:10<\/p>\n<p>IV TD &#8211; I TD<br \/>\n14:7<\/p>\n<p>IV TA &#8211; IV TD<br \/>\n2:6<\/p>\n<p>I TA &#8211; III TA<br \/>\n11:1<\/p>\n<p>IV TD &#8211; I TA<br \/>\n15:8<\/p>\n<p>ITD &#8211; IVTA<br \/>\n16:16<\/td>\n<\/tr>\n<\/tbody>\n<\/table>\n<table>\n<tbody>\n<tr>\n<td><strong>Do p\u00f3\u0142fina\u0142\u00f3w zakwalifikowa\u0142y si\u0119 cztery dru\u017cyny:<\/strong><\/p>\n<p>1. I TB<\/p>\n<p>2. II TF<\/p>\n<p>3. IV TC<\/p>\n<p>4. IV TD<\/td>\n<\/tr>\n<tr>\n<td><strong>Wyniki mecz\u00f3w p\u00f3\u0142fina\u0142owych:<\/strong><\/p>\n<p>I TB&nbsp; x&nbsp;&nbsp; II TF&nbsp;<br \/>\n23&nbsp;&nbsp;&nbsp; :&nbsp;&nbsp;&nbsp;&nbsp;&nbsp; 11<\/p>\n<p>IV TC&nbsp; x&nbsp;&nbsp; IV TD<br \/>\n12&nbsp;&nbsp;&nbsp; :&nbsp;&nbsp;&nbsp;&nbsp;&nbsp; 17<\/td>\n<\/tr>\n<tr>\n<td><strong>FINA\u0141<\/strong><\/p>\n<p>I TB&nbsp;&nbsp; x&nbsp;&nbsp; IV TD<br \/>\n34&nbsp;&nbsp;&nbsp; :&nbsp;&nbsp;&nbsp;&nbsp;&nbsp;&nbsp; 11<\/td>\n<\/tr>\n<tr>\n<td>\n<h3>MISTRZEM &#8222;ELEKTRYKA&#8221; W PI\u0141CEKOSZYKOWEJ ZOSTA\u0141A KLASA<\/h3>\n<h3>I TB<\/h3>\n<\/td>\n<\/tr>\n<tr>\n<td><strong>Sk\u0142ad zwyci\u0119skiej dru\u017cyny:<\/strong><\/p>\n<p>Rafa\u0142 Chrupek<br \/>\nCezary&nbsp;Dobru\u0144<br \/>\nBartosz&nbsp;Gertych<br \/>\nKonrad Majewski<br \/>\nPawe\u0142 Mi\u0142kowski<br \/>\nBart\u0142omiej Szostek<br \/>\nStefan Topi\u0107<\/p>\n<p><strong>Trener\/wychowawca:<\/strong> Dariusz Kostrzewski<\/td>\n<\/tr>\n<\/tbody>\n<\/table>\n<p><\/center><\/p>\n","protected":false},"excerpt":{"rendered":"<p>Mistrzostwa &#8222;Elektryka&#8221; w pi\u0142ce koszykowej Grupy I grupa II grupa III grupa I TB II TE IV TC I TC IV TE I A\/BZ I TF II TA II TF II TB IV TA I TA III TA IV TD&#8230; <a href=\"https:\/\/fizyka-zsel.pl\/home\/informacja-o-turnieju\/\" class=\"readmore\">Read more<span class=\"screen-reader-text\">Informacja o turnieju<\/span><span class=\"fa fa-angle-double-right\" aria-hidden=\"true\"><\/span><\/a><\/p>\n","protected":false},"author":1,"featured_media":0,"parent":0,"menu_order":0,"comment_status":"closed","ping_status":"closed","template":"","meta":{"footnotes":""},"_links":{"self":[{"href":"https:\/\/fizyka-zsel.pl\/home\/wp-json\/wp\/v2\/pages\/944"}],"collection":[{"href":"https:\/\/fizyka-zsel.pl\/home\/wp-json\/wp\/v2\/pages"}],"about":[{"href":"https:\/\/fizyka-zsel.pl\/home\/wp-json\/wp\/v2\/types\/page"}],"author":[{"embeddable":true,"href":"https:\/\/fizyka-zsel.pl\/home\/wp-json\/wp\/v2\/users\/1"}],"replies":[{"embeddable":true,"href":"https:\/\/fizyka-zsel.pl\/home\/wp-json\/wp\/v2\/comments?post=944"}],"version-history":[{"count":3,"href":"https:\/\/fizyka-zsel.pl\/home\/wp-json\/wp\/v2\/pages\/944\/revisions"}],"predecessor-version":[{"id":2630,"href":"https:\/\/fizyka-zsel.pl\/home\/wp-json\/wp\/v2\/pages\/944\/revisions\/2630"}],"wp:attachment":[{"href":"https:\/\/fizyka-zsel.pl\/home\/wp-json\/wp\/v2\/media?parent=944"}],"curies":[{"name":"wp","href":"https:\/\/api.w.org\/{rel}","templated":true}]}}