{"id":2559,"date":"2018-04-10T20:27:36","date_gmt":"2018-04-10T18:27:36","guid":{"rendered":"https:\/\/fizyka-zsel.pl\/home\/?page_id=2559"},"modified":"2018-04-10T20:30:04","modified_gmt":"2018-04-10T18:30:04","slug":"wyjazd-i","status":"publish","type":"page","link":"https:\/\/fizyka-zsel.pl\/home\/wyjazd-i\/","title":{"rendered":"Wyjazd I"},"content":{"rendered":"\t\t<div data-elementor-type=\"wp-page\" data-elementor-id=\"2559\" class=\"elementor elementor-2559 elementor-bc-flex-widget\">\n\t\t\t\t\t\t\t\t\t<section class=\"elementor-section elementor-top-section elementor-element elementor-element-dc0291e elementor-section-boxed elementor-section-height-default elementor-section-height-default\" data-id=\"dc0291e\" data-element_type=\"section\">\n\t\t\t\t\t\t<div class=\"elementor-container elementor-column-gap-default\">\n\t\t\t\t\t<div class=\"elementor-column elementor-col-100 elementor-top-column elementor-element elementor-element-55ac827\" data-id=\"55ac827\" data-element_type=\"column\">\n\t\t\t<div class=\"elementor-widget-wrap elementor-element-populated\">\n\t\t\t\t\t\t\t\t<div class=\"elementor-element elementor-element-3717eeb elementor-widget elementor-widget-text-editor\" data-id=\"3717eeb\" data-element_type=\"widget\" data-widget_type=\"text-editor.default\">\n\t\t\t\t<div class=\"elementor-widget-container\">\n\t\t\t\t\t\t\t<table class=\"style8\"><tbody><tr><td class=\"style10\" colspan=\"2\" align=\"justify\">U<span class=\"style13\">czestnicy wycieczki oko\u0142o godziny 11:00 przybyli pod Muzeum Marii Sk\u0142odowskiej &#8211; Curie. Muzeum znajduj\u0119 si\u0119 przy ulicy Freta 16. Przed przyst\u0105pieniem do zwiedzania muzeum uczniowie uczestniczyli w projekcji filmu pod tytu\u0142em:&#8221;Maria&#8221;, re\u017cyser: K. Szmagier, czas projekcji to 45 minut. Z filmu uczniowie dowiedzieli si\u0119 o \u017cyciu Sk\u0142odowskiej, o dzieci\u0144stwie i m\u0142odo\u015bci w Polsce, o Pary\u017cu, gdzie Sk\u0142odowska studiowa\u0142a i sp\u0119dzi\u0142a doros\u0142e \u017cycie.<\/span><\/td><td>\u00a0<\/td><\/tr><tr><td>\u00a0<\/td><td align=\"justify\" valign=\"middle\"><span class=\"style14\">Nast\u0119pnie uczniowie przeszli do sal, w kt\u00f3rych mogli ogl\u0105da\u0107 wiele rekwizyt\u00f3w zwi\u0105zanych z \u017cyciem i prac\u0105 Mari\u0105 Sk\u0142odowsk\u0105 &#8211; Curie. Uczniowie mogli zapozna\u0107 si\u0119 z du\u017c\u0105 ilo\u015bci\u0105 zdj\u0119\u0107 Sk\u0142odowskiej, jej rodziny oraz zdj\u0119cia w czasie pracy w laboratorium i w czasie wyk\u0142ad\u00f3w. Mo\u017cna by\u0142o obejrze\u0107 wiele przedmiot\u00f3w z \u017cycia codziennego, kt\u00f3re otacza\u0142y Mari\u0119.<\/span><\/td><td align=\"justify\" valign=\"middle\">\u00a0<\/td><\/tr><tr><td colspan=\"2\" align=\"justify\" valign=\"middle\"><span class=\"style14\">Uczniowie z do\u015b\u0107 du\u017cym zainteresowaniem przygl\u0105dali si\u0119 wystawie po\u015bwi\u0119conej wspania\u0142ej noblistce, zw\u0142aszcza interesuj\u0105ce by\u0142y notatki z prowadzonych do\u015bwiadcze\u0144 oraz z oblicze\u0144 towarzysz\u0105cym pomiarom i analizom chemicznym. <\/span><br class=\"style14\" \/><span class=\"style14\">W muzeum mo\u017cna by\u0142o naby\u0107 wiele ciekawych ksi\u0105\u017cek po\u015bwi\u0119conych Marii Sk\u0142odowskiej &#8211; Curie, jej odkryciom oraz wp\u0142ywowi jej odkry\u0107 na wsp\u00f3\u0142czesn\u0105 fizyk\u0119 i chemi\u0119. Mo\u017cna te\u017c by\u0142o znale\u017a\u0107 ksi\u0105\u017cki dotycz\u0105ce energii j\u0105drowej i promieniotw\u00f3rczo\u015bci oraz filmy DVD dotycz\u0105ce \u017cycia i pracy naukowej.<\/span><\/td><td>\u00a0<\/td><\/tr><\/tbody><\/table>\t\t\t\t\t\t<\/div>\n\t\t\t\t<\/div>\n\t\t\t\t\t<\/div>\n\t\t<\/div>\n\t\t\t\t\t\t\t<\/div>\n\t\t<\/section>\n\t\t\t\t<section class=\"elementor-section elementor-top-section elementor-element elementor-element-462ee62 elementor-section-boxed elementor-section-height-default elementor-section-height-default\" data-id=\"462ee62\" data-element_type=\"section\">\n\t\t\t\t\t\t<div class=\"elementor-container elementor-column-gap-default\">\n\t\t\t\t\t<div class=\"elementor-column elementor-col-100 elementor-top-column elementor-element elementor-element-0299ba6\" data-id=\"0299ba6\" data-element_type=\"column\">\n\t\t\t<div class=\"elementor-widget-wrap elementor-element-populated\">\n\t\t\t\t\t\t\t\t<div class=\"elementor-element elementor-element-a39d2f7 elementor-widget elementor-widget-image-gallery\" data-id=\"a39d2f7\" data-element_type=\"widget\" data-widget_type=\"image-gallery.default\">\n\t\t\t\t<div class=\"elementor-widget-container\">\n\t\t\t\t\t<div class=\"elementor-image-gallery\">\n\t\t\t<div id='gallery-1' class='gallery galleryid-2559 gallery-columns-4 gallery-size-thumbnail'><figure class='gallery-item'>\n\t\t\t<div class='gallery-icon landscape'>\n\t\t\t\t<a data-elementor-open-lightbox=\"yes\" data-elementor-lightbox-slideshow=\"a39d2f7\" data-elementor-lightbox-title=\"1\" data-e-action-hash=\"#elementor-action%3Aaction%3Dlightbox%26settings%3DeyJpZCI6MjU2NCwidXJsIjoiaHR0cHM6XC9cL2ZpenlrYS16c2VsLnBsXC9ob21lXC93cC1jb250ZW50XC91cGxvYWRzXC8yMDE4XC8wNFwvMS00Ni5qcGciLCJzbGlkZXNob3ciOiJhMzlkMmY3In0%3D\" href='https:\/\/fizyka-zsel.pl\/home\/wp-content\/uploads\/2018\/04\/1-46.jpg'><img decoding=\"async\" width=\"150\" height=\"150\" src=\"https:\/\/fizyka-zsel.pl\/home\/wp-content\/uploads\/2018\/04\/1-46-150x150.jpg\" class=\"attachment-thumbnail size-thumbnail\" alt=\"\" \/><\/a>\n\t\t\t<\/div><\/figure><figure class='gallery-item'>\n\t\t\t<div class='gallery-icon landscape'>\n\t\t\t\t<a data-elementor-open-lightbox=\"yes\" data-elementor-lightbox-slideshow=\"a39d2f7\" data-elementor-lightbox-title=\"2\" data-e-action-hash=\"#elementor-action%3Aaction%3Dlightbox%26settings%3DeyJpZCI6MjU2NSwidXJsIjoiaHR0cHM6XC9cL2ZpenlrYS16c2VsLnBsXC9ob21lXC93cC1jb250ZW50XC91cGxvYWRzXC8yMDE4XC8wNFwvMi00Ni5qcGciLCJzbGlkZXNob3ciOiJhMzlkMmY3In0%3D\" href='https:\/\/fizyka-zsel.pl\/home\/wp-content\/uploads\/2018\/04\/2-46.jpg'><img decoding=\"async\" width=\"150\" height=\"150\" src=\"https:\/\/fizyka-zsel.pl\/home\/wp-content\/uploads\/2018\/04\/2-46-150x150.jpg\" class=\"attachment-thumbnail size-thumbnail\" alt=\"\" \/><\/a>\n\t\t\t<\/div><\/figure><figure class='gallery-item'>\n\t\t\t<div class='gallery-icon landscape'>\n\t\t\t\t<a data-elementor-open-lightbox=\"yes\" data-elementor-lightbox-slideshow=\"a39d2f7\" data-elementor-lightbox-title=\"3\" data-e-action-hash=\"#elementor-action%3Aaction%3Dlightbox%26settings%3DeyJpZCI6MjU2NiwidXJsIjoiaHR0cHM6XC9cL2ZpenlrYS16c2VsLnBsXC9ob21lXC93cC1jb250ZW50XC91cGxvYWRzXC8yMDE4XC8wNFwvMy00NS5qcGciLCJzbGlkZXNob3ciOiJhMzlkMmY3In0%3D\" href='https:\/\/fizyka-zsel.pl\/home\/wp-content\/uploads\/2018\/04\/3-45.jpg'><img decoding=\"async\" width=\"150\" height=\"150\" src=\"https:\/\/fizyka-zsel.pl\/home\/wp-content\/uploads\/2018\/04\/3-45-150x150.jpg\" class=\"attachment-thumbnail size-thumbnail\" alt=\"\" \/><\/a>\n\t\t\t<\/div><\/figure><figure class='gallery-item'>\n\t\t\t<div class='gallery-icon landscape'>\n\t\t\t\t<a data-elementor-open-lightbox=\"yes\" data-elementor-lightbox-slideshow=\"a39d2f7\" data-elementor-lightbox-title=\"4\" data-e-action-hash=\"#elementor-action%3Aaction%3Dlightbox%26settings%3DeyJpZCI6MjU2NywidXJsIjoiaHR0cHM6XC9cL2ZpenlrYS16c2VsLnBsXC9ob21lXC93cC1jb250ZW50XC91cGxvYWRzXC8yMDE4XC8wNFwvNC00NC5qcGciLCJzbGlkZXNob3ciOiJhMzlkMmY3In0%3D\" href='https:\/\/fizyka-zsel.pl\/home\/wp-content\/uploads\/2018\/04\/4-44.jpg'><img loading=\"lazy\" decoding=\"async\" width=\"150\" height=\"150\" src=\"https:\/\/fizyka-zsel.pl\/home\/wp-content\/uploads\/2018\/04\/4-44-150x150.jpg\" class=\"attachment-thumbnail size-thumbnail\" alt=\"\" \/><\/a>\n\t\t\t<\/div><\/figure><figure class='gallery-item'>\n\t\t\t<div class='gallery-icon landscape'>\n\t\t\t\t<a data-elementor-open-lightbox=\"yes\" data-elementor-lightbox-slideshow=\"a39d2f7\" data-elementor-lightbox-title=\"5\" data-e-action-hash=\"#elementor-action%3Aaction%3Dlightbox%26settings%3DeyJpZCI6MjU2OCwidXJsIjoiaHR0cHM6XC9cL2ZpenlrYS16c2VsLnBsXC9ob21lXC93cC1jb250ZW50XC91cGxvYWRzXC8yMDE4XC8wNFwvNS00NC5qcGciLCJzbGlkZXNob3ciOiJhMzlkMmY3In0%3D\" href='https:\/\/fizyka-zsel.pl\/home\/wp-content\/uploads\/2018\/04\/5-44.jpg'><img loading=\"lazy\" decoding=\"async\" width=\"150\" height=\"150\" src=\"https:\/\/fizyka-zsel.pl\/home\/wp-content\/uploads\/2018\/04\/5-44-150x150.jpg\" class=\"attachment-thumbnail size-thumbnail\" alt=\"\" \/><\/a>\n\t\t\t<\/div><\/figure><figure class='gallery-item'>\n\t\t\t<div class='gallery-icon landscape'>\n\t\t\t\t<a data-elementor-open-lightbox=\"yes\" data-elementor-lightbox-slideshow=\"a39d2f7\" data-elementor-lightbox-title=\"6\" data-e-action-hash=\"#elementor-action%3Aaction%3Dlightbox%26settings%3DeyJpZCI6MjU2OSwidXJsIjoiaHR0cHM6XC9cL2ZpenlrYS16c2VsLnBsXC9ob21lXC93cC1jb250ZW50XC91cGxvYWRzXC8yMDE4XC8wNFwvNi00My5qcGciLCJzbGlkZXNob3ciOiJhMzlkMmY3In0%3D\" href='https:\/\/fizyka-zsel.pl\/home\/wp-content\/uploads\/2018\/04\/6-43.jpg'><img loading=\"lazy\" decoding=\"async\" width=\"150\" height=\"150\" src=\"https:\/\/fizyka-zsel.pl\/home\/wp-content\/uploads\/2018\/04\/6-43-150x150.jpg\" class=\"attachment-thumbnail size-thumbnail\" alt=\"\" \/><\/a>\n\t\t\t<\/div><\/figure><figure class='gallery-item'>\n\t\t\t<div class='gallery-icon landscape'>\n\t\t\t\t<a data-elementor-open-lightbox=\"yes\" data-elementor-lightbox-slideshow=\"a39d2f7\" data-elementor-lightbox-title=\"7\" data-e-action-hash=\"#elementor-action%3Aaction%3Dlightbox%26settings%3DeyJpZCI6MjU3MCwidXJsIjoiaHR0cHM6XC9cL2ZpenlrYS16c2VsLnBsXC9ob21lXC93cC1jb250ZW50XC91cGxvYWRzXC8yMDE4XC8wNFwvNy00My5qcGciLCJzbGlkZXNob3ciOiJhMzlkMmY3In0%3D\" href='https:\/\/fizyka-zsel.pl\/home\/wp-content\/uploads\/2018\/04\/7-43.jpg'><img loading=\"lazy\" decoding=\"async\" width=\"150\" height=\"150\" src=\"https:\/\/fizyka-zsel.pl\/home\/wp-content\/uploads\/2018\/04\/7-43-150x150.jpg\" class=\"attachment-thumbnail size-thumbnail\" alt=\"\" \/><\/a>\n\t\t\t<\/div><\/figure><figure class='gallery-item'>\n\t\t\t<div class='gallery-icon landscape'>\n\t\t\t\t<a data-elementor-open-lightbox=\"yes\" data-elementor-lightbox-slideshow=\"a39d2f7\" data-elementor-lightbox-title=\"8\" data-e-action-hash=\"#elementor-action%3Aaction%3Dlightbox%26settings%3DeyJpZCI6MjU3MSwidXJsIjoiaHR0cHM6XC9cL2ZpenlrYS16c2VsLnBsXC9ob21lXC93cC1jb250ZW50XC91cGxvYWRzXC8yMDE4XC8wNFwvOC00My5qcGciLCJzbGlkZXNob3ciOiJhMzlkMmY3In0%3D\" href='https:\/\/fizyka-zsel.pl\/home\/wp-content\/uploads\/2018\/04\/8-43.jpg'><img loading=\"lazy\" decoding=\"async\" width=\"150\" height=\"150\" src=\"https:\/\/fizyka-zsel.pl\/home\/wp-content\/uploads\/2018\/04\/8-43-150x150.jpg\" class=\"attachment-thumbnail size-thumbnail\" alt=\"\" \/><\/a>\n\t\t\t<\/div><\/figure><figure class='gallery-item'>\n\t\t\t<div class='gallery-icon landscape'>\n\t\t\t\t<a data-elementor-open-lightbox=\"yes\" data-elementor-lightbox-slideshow=\"a39d2f7\" data-elementor-lightbox-title=\"9\" data-e-action-hash=\"#elementor-action%3Aaction%3Dlightbox%26settings%3DeyJpZCI6MjU3MiwidXJsIjoiaHR0cHM6XC9cL2ZpenlrYS16c2VsLnBsXC9ob21lXC93cC1jb250ZW50XC91cGxvYWRzXC8yMDE4XC8wNFwvOS00My5qcGciLCJzbGlkZXNob3ciOiJhMzlkMmY3In0%3D\" href='https:\/\/fizyka-zsel.pl\/home\/wp-content\/uploads\/2018\/04\/9-43.jpg'><img loading=\"lazy\" decoding=\"async\" width=\"150\" height=\"150\" src=\"https:\/\/fizyka-zsel.pl\/home\/wp-content\/uploads\/2018\/04\/9-43-150x150.jpg\" class=\"attachment-thumbnail size-thumbnail\" alt=\"\" \/><\/a>\n\t\t\t<\/div><\/figure><figure class='gallery-item'>\n\t\t\t<div class='gallery-icon landscape'>\n\t\t\t\t<a data-elementor-open-lightbox=\"yes\" data-elementor-lightbox-slideshow=\"a39d2f7\" data-elementor-lightbox-title=\"10\" data-e-action-hash=\"#elementor-action%3Aaction%3Dlightbox%26settings%3DeyJpZCI6MjU3MywidXJsIjoiaHR0cHM6XC9cL2ZpenlrYS16c2VsLnBsXC9ob21lXC93cC1jb250ZW50XC91cGxvYWRzXC8yMDE4XC8wNFwvMTAtNDEuanBnIiwic2xpZGVzaG93IjoiYTM5ZDJmNyJ9\" href='https:\/\/fizyka-zsel.pl\/home\/wp-content\/uploads\/2018\/04\/10-41.jpg'><img loading=\"lazy\" decoding=\"async\" width=\"150\" height=\"150\" src=\"https:\/\/fizyka-zsel.pl\/home\/wp-content\/uploads\/2018\/04\/10-41-150x150.jpg\" class=\"attachment-thumbnail size-thumbnail\" alt=\"\" \/><\/a>\n\t\t\t<\/div><\/figure><figure class='gallery-item'>\n\t\t\t<div class='gallery-icon landscape'>\n\t\t\t\t<a data-elementor-open-lightbox=\"yes\" data-elementor-lightbox-slideshow=\"a39d2f7\" data-elementor-lightbox-title=\"11\" data-e-action-hash=\"#elementor-action%3Aaction%3Dlightbox%26settings%3DeyJpZCI6MjU3NCwidXJsIjoiaHR0cHM6XC9cL2ZpenlrYS16c2VsLnBsXC9ob21lXC93cC1jb250ZW50XC91cGxvYWRzXC8yMDE4XC8wNFwvMTEtNDAuanBnIiwic2xpZGVzaG93IjoiYTM5ZDJmNyJ9\" href='https:\/\/fizyka-zsel.pl\/home\/wp-content\/uploads\/2018\/04\/11-40.jpg'><img loading=\"lazy\" decoding=\"async\" width=\"150\" height=\"150\" src=\"https:\/\/fizyka-zsel.pl\/home\/wp-content\/uploads\/2018\/04\/11-40-150x150.jpg\" class=\"attachment-thumbnail size-thumbnail\" alt=\"\" \/><\/a>\n\t\t\t<\/div><\/figure><figure class='gallery-item'>\n\t\t\t<div class='gallery-icon landscape'>\n\t\t\t\t<a data-elementor-open-lightbox=\"yes\" data-elementor-lightbox-slideshow=\"a39d2f7\" data-elementor-lightbox-title=\"12\" data-e-action-hash=\"#elementor-action%3Aaction%3Dlightbox%26settings%3DeyJpZCI6MjU3NSwidXJsIjoiaHR0cHM6XC9cL2ZpenlrYS16c2VsLnBsXC9ob21lXC93cC1jb250ZW50XC91cGxvYWRzXC8yMDE4XC8wNFwvMTItMzkuanBnIiwic2xpZGVzaG93IjoiYTM5ZDJmNyJ9\" href='https:\/\/fizyka-zsel.pl\/home\/wp-content\/uploads\/2018\/04\/12-39.jpg'><img loading=\"lazy\" decoding=\"async\" width=\"150\" height=\"150\" src=\"https:\/\/fizyka-zsel.pl\/home\/wp-content\/uploads\/2018\/04\/12-39-150x150.jpg\" class=\"attachment-thumbnail size-thumbnail\" alt=\"\" \/><\/a>\n\t\t\t<\/div><\/figure><figure class='gallery-item'>\n\t\t\t<div class='gallery-icon landscape'>\n\t\t\t\t<a data-elementor-open-lightbox=\"yes\" data-elementor-lightbox-slideshow=\"a39d2f7\" data-elementor-lightbox-title=\"13\" data-e-action-hash=\"#elementor-action%3Aaction%3Dlightbox%26settings%3DeyJpZCI6MjU3NiwidXJsIjoiaHR0cHM6XC9cL2ZpenlrYS16c2VsLnBsXC9ob21lXC93cC1jb250ZW50XC91cGxvYWRzXC8yMDE4XC8wNFwvMTMtMzguanBnIiwic2xpZGVzaG93IjoiYTM5ZDJmNyJ9\" href='https:\/\/fizyka-zsel.pl\/home\/wp-content\/uploads\/2018\/04\/13-38.jpg'><img loading=\"lazy\" decoding=\"async\" width=\"150\" height=\"150\" src=\"https:\/\/fizyka-zsel.pl\/home\/wp-content\/uploads\/2018\/04\/13-38-150x150.jpg\" class=\"attachment-thumbnail size-thumbnail\" alt=\"\" \/><\/a>\n\t\t\t<\/div><\/figure><figure class='gallery-item'>\n\t\t\t<div class='gallery-icon landscape'>\n\t\t\t\t<a data-elementor-open-lightbox=\"yes\" data-elementor-lightbox-slideshow=\"a39d2f7\" data-elementor-lightbox-title=\"14\" data-e-action-hash=\"#elementor-action%3Aaction%3Dlightbox%26settings%3DeyJpZCI6MjU3NywidXJsIjoiaHR0cHM6XC9cL2ZpenlrYS16c2VsLnBsXC9ob21lXC93cC1jb250ZW50XC91cGxvYWRzXC8yMDE4XC8wNFwvMTQtMzYuanBnIiwic2xpZGVzaG93IjoiYTM5ZDJmNyJ9\" href='https:\/\/fizyka-zsel.pl\/home\/wp-content\/uploads\/2018\/04\/14-36.jpg'><img loading=\"lazy\" decoding=\"async\" width=\"150\" height=\"150\" src=\"https:\/\/fizyka-zsel.pl\/home\/wp-content\/uploads\/2018\/04\/14-36-150x150.jpg\" class=\"attachment-thumbnail size-thumbnail\" alt=\"\" \/><\/a>\n\t\t\t<\/div><\/figure><figure class='gallery-item'>\n\t\t\t<div class='gallery-icon landscape'>\n\t\t\t\t<a data-elementor-open-lightbox=\"yes\" data-elementor-lightbox-slideshow=\"a39d2f7\" data-elementor-lightbox-title=\"15\" data-e-action-hash=\"#elementor-action%3Aaction%3Dlightbox%26settings%3DeyJpZCI6MjU3OCwidXJsIjoiaHR0cHM6XC9cL2ZpenlrYS16c2VsLnBsXC9ob21lXC93cC1jb250ZW50XC91cGxvYWRzXC8yMDE4XC8wNFwvMTUtMzMuanBnIiwic2xpZGVzaG93IjoiYTM5ZDJmNyJ9\" href='https:\/\/fizyka-zsel.pl\/home\/wp-content\/uploads\/2018\/04\/15-33.jpg'><img loading=\"lazy\" decoding=\"async\" width=\"150\" height=\"150\" src=\"https:\/\/fizyka-zsel.pl\/home\/wp-content\/uploads\/2018\/04\/15-33-150x150.jpg\" class=\"attachment-thumbnail size-thumbnail\" alt=\"\" \/><\/a>\n\t\t\t<\/div><\/figure><figure class='gallery-item'>\n\t\t\t<div class='gallery-icon landscape'>\n\t\t\t\t<a data-elementor-open-lightbox=\"yes\" data-elementor-lightbox-slideshow=\"a39d2f7\" data-elementor-lightbox-title=\"16\" data-e-action-hash=\"#elementor-action%3Aaction%3Dlightbox%26settings%3DeyJpZCI6MjU3OSwidXJsIjoiaHR0cHM6XC9cL2ZpenlrYS16c2VsLnBsXC9ob21lXC93cC1jb250ZW50XC91cGxvYWRzXC8yMDE4XC8wNFwvMTYtMzMuanBnIiwic2xpZGVzaG93IjoiYTM5ZDJmNyJ9\" href='https:\/\/fizyka-zsel.pl\/home\/wp-content\/uploads\/2018\/04\/16-33.jpg'><img loading=\"lazy\" decoding=\"async\" width=\"150\" height=\"150\" src=\"https:\/\/fizyka-zsel.pl\/home\/wp-content\/uploads\/2018\/04\/16-33-150x150.jpg\" class=\"attachment-thumbnail size-thumbnail\" alt=\"\" \/><\/a>\n\t\t\t<\/div><\/figure><figure class='gallery-item'>\n\t\t\t<div class='gallery-icon landscape'>\n\t\t\t\t<a data-elementor-open-lightbox=\"yes\" data-elementor-lightbox-slideshow=\"a39d2f7\" data-elementor-lightbox-title=\"17\" data-e-action-hash=\"#elementor-action%3Aaction%3Dlightbox%26settings%3DeyJpZCI6MjU4MCwidXJsIjoiaHR0cHM6XC9cL2ZpenlrYS16c2VsLnBsXC9ob21lXC93cC1jb250ZW50XC91cGxvYWRzXC8yMDE4XC8wNFwvMTctMzIuanBnIiwic2xpZGVzaG93IjoiYTM5ZDJmNyJ9\" href='https:\/\/fizyka-zsel.pl\/home\/wp-content\/uploads\/2018\/04\/17-32.jpg'><img loading=\"lazy\" decoding=\"async\" width=\"150\" height=\"150\" src=\"https:\/\/fizyka-zsel.pl\/home\/wp-content\/uploads\/2018\/04\/17-32-150x150.jpg\" class=\"attachment-thumbnail size-thumbnail\" alt=\"\" \/><\/a>\n\t\t\t<\/div><\/figure><figure class='gallery-item'>\n\t\t\t<div class='gallery-icon landscape'>\n\t\t\t\t<a data-elementor-open-lightbox=\"yes\" data-elementor-lightbox-slideshow=\"a39d2f7\" data-elementor-lightbox-title=\"18\" data-e-action-hash=\"#elementor-action%3Aaction%3Dlightbox%26settings%3DeyJpZCI6MjU4MSwidXJsIjoiaHR0cHM6XC9cL2ZpenlrYS16c2VsLnBsXC9ob21lXC93cC1jb250ZW50XC91cGxvYWRzXC8yMDE4XC8wNFwvMTgtMzAuanBnIiwic2xpZGVzaG93IjoiYTM5ZDJmNyJ9\" href='https:\/\/fizyka-zsel.pl\/home\/wp-content\/uploads\/2018\/04\/18-30.jpg'><img loading=\"lazy\" decoding=\"async\" width=\"150\" height=\"150\" src=\"https:\/\/fizyka-zsel.pl\/home\/wp-content\/uploads\/2018\/04\/18-30-150x150.jpg\" class=\"attachment-thumbnail size-thumbnail\" alt=\"\" \/><\/a>\n\t\t\t<\/div><\/figure><figure class='gallery-item'>\n\t\t\t<div class='gallery-icon landscape'>\n\t\t\t\t<a data-elementor-open-lightbox=\"yes\" data-elementor-lightbox-slideshow=\"a39d2f7\" data-elementor-lightbox-title=\"19\" data-e-action-hash=\"#elementor-action%3Aaction%3Dlightbox%26settings%3DeyJpZCI6MjU4MiwidXJsIjoiaHR0cHM6XC9cL2ZpenlrYS16c2VsLnBsXC9ob21lXC93cC1jb250ZW50XC91cGxvYWRzXC8yMDE4XC8wNFwvMTktMjkuanBnIiwic2xpZGVzaG93IjoiYTM5ZDJmNyJ9\" href='https:\/\/fizyka-zsel.pl\/home\/wp-content\/uploads\/2018\/04\/19-29.jpg'><img loading=\"lazy\" decoding=\"async\" width=\"150\" height=\"150\" src=\"https:\/\/fizyka-zsel.pl\/home\/wp-content\/uploads\/2018\/04\/19-29-150x150.jpg\" class=\"attachment-thumbnail size-thumbnail\" alt=\"\" \/><\/a>\n\t\t\t<\/div><\/figure><figure class='gallery-item'>\n\t\t\t<div class='gallery-icon landscape'>\n\t\t\t\t<a data-elementor-open-lightbox=\"yes\" data-elementor-lightbox-slideshow=\"a39d2f7\" data-elementor-lightbox-title=\"20\" data-e-action-hash=\"#elementor-action%3Aaction%3Dlightbox%26settings%3DeyJpZCI6MjU4MywidXJsIjoiaHR0cHM6XC9cL2ZpenlrYS16c2VsLnBsXC9ob21lXC93cC1jb250ZW50XC91cGxvYWRzXC8yMDE4XC8wNFwvMjAtMjguanBnIiwic2xpZGVzaG93IjoiYTM5ZDJmNyJ9\" href='https:\/\/fizyka-zsel.pl\/home\/wp-content\/uploads\/2018\/04\/20-28.jpg'><img loading=\"lazy\" decoding=\"async\" width=\"150\" height=\"150\" src=\"https:\/\/fizyka-zsel.pl\/home\/wp-content\/uploads\/2018\/04\/20-28-150x150.jpg\" class=\"attachment-thumbnail size-thumbnail\" alt=\"\" \/><\/a>\n\t\t\t<\/div><\/figure>\n\t\t<\/div>\n\t\t<\/div>\n\t\t\t\t<\/div>\n\t\t\t\t<\/div>\n\t\t\t\t\t<\/div>\n\t\t<\/div>\n\t\t\t\t\t\t\t<\/div>\n\t\t<\/section>\n\t\t\t\t\t\t\t<\/div>\n\t\t","protected":false},"excerpt":{"rendered":"<p>Uczestnicy wycieczki oko\u0142o godziny 11:00 przybyli pod Muzeum Marii Sk\u0142odowskiej &#8211; Curie. Muzeum znajduj\u0119 si\u0119 przy ulicy Freta 16. Przed przyst\u0105pieniem do zwiedzania muzeum uczniowie uczestniczyli w projekcji filmu pod tytu\u0142em:&#8221;Maria&#8221;, re\u017cyser: K. Szmagier, czas projekcji to 45 minut. Z&#8230; <a href=\"https:\/\/fizyka-zsel.pl\/home\/wyjazd-i\/\" class=\"readmore\">Read more<span class=\"screen-reader-text\">Wyjazd I<\/span><span class=\"fa fa-angle-double-right\" aria-hidden=\"true\"><\/span><\/a><\/p>\n","protected":false},"author":1,"featured_media":0,"parent":0,"menu_order":0,"comment_status":"closed","ping_status":"closed","template":"","meta":{"footnotes":""},"_links":{"self":[{"href":"https:\/\/fizyka-zsel.pl\/home\/wp-json\/wp\/v2\/pages\/2559"}],"collection":[{"href":"https:\/\/fizyka-zsel.pl\/home\/wp-json\/wp\/v2\/pages"}],"about":[{"href":"https:\/\/fizyka-zsel.pl\/home\/wp-json\/wp\/v2\/types\/page"}],"author":[{"embeddable":true,"href":"https:\/\/fizyka-zsel.pl\/home\/wp-json\/wp\/v2\/users\/1"}],"replies":[{"embeddable":true,"href":"https:\/\/fizyka-zsel.pl\/home\/wp-json\/wp\/v2\/comments?post=2559"}],"version-history":[{"count":2,"href":"https:\/\/fizyka-zsel.pl\/home\/wp-json\/wp\/v2\/pages\/2559\/revisions"}],"predecessor-version":[{"id":2584,"href":"https:\/\/fizyka-zsel.pl\/home\/wp-json\/wp\/v2\/pages\/2559\/revisions\/2584"}],"wp:attachment":[{"href":"https:\/\/fizyka-zsel.pl\/home\/wp-json\/wp\/v2\/media?parent=2559"}],"curies":[{"name":"wp","href":"https:\/\/api.w.org\/{rel}","templated":true}]}}