{"id":2534,"date":"2018-04-10T20:22:25","date_gmt":"2018-04-10T18:22:25","guid":{"rendered":"https:\/\/fizyka-zsel.pl\/home\/?page_id=2534"},"modified":"2018-04-10T20:26:22","modified_gmt":"2018-04-10T18:26:22","slug":"muzeum-techniki","status":"publish","type":"page","link":"https:\/\/fizyka-zsel.pl\/home\/muzeum-techniki\/","title":{"rendered":"Muzeum Techniki"},"content":{"rendered":"\t\t<div data-elementor-type=\"wp-page\" data-elementor-id=\"2534\" class=\"elementor elementor-2534 elementor-bc-flex-widget\">\n\t\t\t\t\t\t\t\t\t<section class=\"elementor-section elementor-top-section elementor-element elementor-element-03c17e2 elementor-section-boxed elementor-section-height-default elementor-section-height-default\" data-id=\"03c17e2\" data-element_type=\"section\">\n\t\t\t\t\t\t<div class=\"elementor-container elementor-column-gap-default\">\n\t\t\t\t\t<div class=\"elementor-column elementor-col-100 elementor-top-column elementor-element elementor-element-e9b48a4\" data-id=\"e9b48a4\" data-element_type=\"column\">\n\t\t\t<div class=\"elementor-widget-wrap elementor-element-populated\">\n\t\t\t\t\t\t\t\t<div class=\"elementor-element elementor-element-f30b462 elementor-widget elementor-widget-text-editor\" data-id=\"f30b462\" data-element_type=\"widget\" data-widget_type=\"text-editor.default\">\n\t\t\t\t<div class=\"elementor-widget-container\">\n\t\t\t\t\t\t\t<table class=\"style8\"><tbody><tr><td><p><span class=\"style10\">Muzeum Techniki<\/span> <span class=\"style11\">powsta\u0142o w 1955 roku i siedzib\u0105 muzeum sta\u0142 si\u0119 oddawany w\u00f3wczas Pa\u0142ac Kultury i Nauki. Pierwsza wystawa nosi\u0142a tytu\u0142:&#8221;Post\u0119p techniczny w s\u0142u\u017cbie cz\u0142owieka&#8221;. Organizatorem tej wystawy oraz pierwszym dyrektorem Muzeum Techniki by\u0142 in\u017c. Janusz Ci\u0105\u017ckowski. Muzeum to czerpie z tradycji dzia\u0142alno\u015bci takich muze\u00f3w jak: &#8222;Muzeum Przemys\u0142u i Rolnictwa&#8221; oraz &#8222;Muzeum Techniki i Przemys\u0142u&#8221;. <br \/> W okresie swojej dzia\u0142alno\u015bci muzeum zgromadzi\u0142o wiele ciekawych eksponat\u00f3w takich jak: kolekcja motocykli (motocykl marki &#8222;Sok\u00f3\u0142&#8221;), kolekcja odbiornik\u00f3w radiowych, kolekcja instrument\u00f3w geodezyjnych, kolekcja przyrz\u0105d\u00f3w techniki biurowej, kolekcja mechanizm\u00f3w graj\u0105cych oraz wiele bezcennych eksponat\u00f3w jak: &#8222;Machina rachunkowa&#8221;, pierwsza na \u015bwiecie r\u0119czna kamerafilmowa&#8230;<\/span><\/p><\/td><td><h5>\u00a0<\/h5><\/td><\/tr><tr><td class=\"style11\" colspan=\"2\">Muzeum Techniki mieszcz\u0105ce si\u0119 w Pa\u0142acu Kultury i Nauki posiada kilkana\u015bcie sal z ekspozycjami o charakterze sta\u0142ym oraz systematycznie organizowane s\u0105 ekspozycje czasowe. Muzeum prowadzi intensywn\u0105 dzi\u0142alno\u015b\u0107 o\u015bwiatow\u0105. Organizowane w muzeum wystawy, pokazy oraz lekcje muzealne maj\u0105 na celu przedstawienie rozwoju techniki od jej odleg\u0142ych pocz\u0105tk\u00f3w a\u017c do dzisiaj.<\/td><\/tr><\/tbody><\/table>\t\t\t\t\t\t<\/div>\n\t\t\t\t<\/div>\n\t\t\t\t<div class=\"elementor-element elementor-element-5b8f100 elementor-widget elementor-widget-text-editor\" data-id=\"5b8f100\" data-element_type=\"widget\" data-widget_type=\"text-editor.default\">\n\t\t\t\t<div class=\"elementor-widget-container\">\n\t\t\t\t\t\t\t<p>Uczestnicy wycieczki po wizycie w Muzeum Marii Sk\u0142odowskiej &#8211; Curie, zwiedzaniu starego miasta oraz przej\u015bciu przy Grobie Nieznanego \u017bo\u0142nierza dotarli do Muzeum Techniki, kt\u00f3re znajduje si\u0119 w Pa\u0142acu Kultury i Nauki. Zwiedzanie muzeum zacz\u0119\u0142o si\u0119 oko\u0142o 14:00.<\/p><p>Uczniowie mogli zapozna\u0107 si\u0119 z wieloma eksponatami, dotycz\u0105cymi historii techniki. Mi\u0119dzy innymi mo\u017cna by\u0142o zapozna\u0107 si\u0119 z:<\/p><ul><li>motycyklami (np. OSA M 52, JUNAK M-10, KOMAR MR231, SOK\u00d3\u0141 500 RS M 311, SOK\u00d3\u0141 600 RT M 211, GAZELA, JUNAK, W-F-M&#8230;),<\/li><li>rowerami,<\/li><li>samochodami,<\/li><li>polskimi komputerami (np. ODRA 1013, MA 48L)<\/li><li>aparatami telefonicznymi,<\/li><li>centralami telefonicznymi,<\/li><li>telewizorami (np. BELWEDER),<\/li><li>maszynynami szyfruj\u0105cymi (np. ENIGMA),<\/li><li>pralkami,<\/li><li>promem kosmicznym (COLUMBIA)<\/li><\/ul><p><span class=\"style14\">Eksponaty znajduj\u0105ce si\u0119 w muzeum wywar\u0142y na uczniach du\u017ce wra\u017cenie. Zwaszcza pierwsze samochody, komputery i maszyny licz\u0105ce.<\/span><\/p>\t\t\t\t\t\t<\/div>\n\t\t\t\t<\/div>\n\t\t\t\t\t<\/div>\n\t\t<\/div>\n\t\t\t\t\t\t\t<\/div>\n\t\t<\/section>\n\t\t\t\t<section class=\"elementor-section elementor-top-section elementor-element elementor-element-d3794af elementor-section-boxed elementor-section-height-default elementor-section-height-default\" data-id=\"d3794af\" data-element_type=\"section\">\n\t\t\t\t\t\t<div class=\"elementor-container elementor-column-gap-default\">\n\t\t\t\t\t<div class=\"elementor-column elementor-col-100 elementor-top-column elementor-element elementor-element-6c0f151\" data-id=\"6c0f151\" data-element_type=\"column\">\n\t\t\t<div class=\"elementor-widget-wrap elementor-element-populated\">\n\t\t\t\t\t\t\t\t<div class=\"elementor-element elementor-element-1569635 elementor-widget elementor-widget-image-gallery\" data-id=\"1569635\" data-element_type=\"widget\" data-widget_type=\"image-gallery.default\">\n\t\t\t\t<div class=\"elementor-widget-container\">\n\t\t\t\t\t<div class=\"elementor-image-gallery\">\n\t\t\t<div id='gallery-1' class='gallery galleryid-2534 gallery-columns-4 gallery-size-thumbnail'><figure class='gallery-item'>\n\t\t\t<div class='gallery-icon landscape'>\n\t\t\t\t<a data-elementor-open-lightbox=\"yes\" data-elementor-lightbox-slideshow=\"1569635\" data-elementor-lightbox-title=\"1\" data-e-action-hash=\"#elementor-action%3Aaction%3Dlightbox%26settings%3DeyJpZCI6MjUzOCwidXJsIjoiaHR0cHM6XC9cL2ZpenlrYS16c2VsLnBsXC9ob21lXC93cC1jb250ZW50XC91cGxvYWRzXC8yMDE4XC8wNFwvMS00NS5qcGciLCJzbGlkZXNob3ciOiIxNTY5NjM1In0%3D\" href='https:\/\/fizyka-zsel.pl\/home\/wp-content\/uploads\/2018\/04\/1-45.jpg'><img decoding=\"async\" width=\"150\" height=\"150\" src=\"https:\/\/fizyka-zsel.pl\/home\/wp-content\/uploads\/2018\/04\/1-45-150x150.jpg\" class=\"attachment-thumbnail size-thumbnail\" alt=\"\" \/><\/a>\n\t\t\t<\/div><\/figure><figure class='gallery-item'>\n\t\t\t<div class='gallery-icon landscape'>\n\t\t\t\t<a data-elementor-open-lightbox=\"yes\" data-elementor-lightbox-slideshow=\"1569635\" data-elementor-lightbox-title=\"2\" data-e-action-hash=\"#elementor-action%3Aaction%3Dlightbox%26settings%3DeyJpZCI6MjUzOSwidXJsIjoiaHR0cHM6XC9cL2ZpenlrYS16c2VsLnBsXC9ob21lXC93cC1jb250ZW50XC91cGxvYWRzXC8yMDE4XC8wNFwvMi00NS5qcGciLCJzbGlkZXNob3ciOiIxNTY5NjM1In0%3D\" href='https:\/\/fizyka-zsel.pl\/home\/wp-content\/uploads\/2018\/04\/2-45.jpg'><img decoding=\"async\" width=\"150\" height=\"150\" src=\"https:\/\/fizyka-zsel.pl\/home\/wp-content\/uploads\/2018\/04\/2-45-150x150.jpg\" class=\"attachment-thumbnail size-thumbnail\" alt=\"\" \/><\/a>\n\t\t\t<\/div><\/figure><figure class='gallery-item'>\n\t\t\t<div class='gallery-icon landscape'>\n\t\t\t\t<a data-elementor-open-lightbox=\"yes\" data-elementor-lightbox-slideshow=\"1569635\" data-elementor-lightbox-title=\"3\" data-e-action-hash=\"#elementor-action%3Aaction%3Dlightbox%26settings%3DeyJpZCI6MjU0MCwidXJsIjoiaHR0cHM6XC9cL2ZpenlrYS16c2VsLnBsXC9ob21lXC93cC1jb250ZW50XC91cGxvYWRzXC8yMDE4XC8wNFwvMy00NC5qcGciLCJzbGlkZXNob3ciOiIxNTY5NjM1In0%3D\" href='https:\/\/fizyka-zsel.pl\/home\/wp-content\/uploads\/2018\/04\/3-44.jpg'><img decoding=\"async\" width=\"150\" height=\"150\" src=\"https:\/\/fizyka-zsel.pl\/home\/wp-content\/uploads\/2018\/04\/3-44-150x150.jpg\" class=\"attachment-thumbnail size-thumbnail\" alt=\"\" \/><\/a>\n\t\t\t<\/div><\/figure><figure class='gallery-item'>\n\t\t\t<div class='gallery-icon landscape'>\n\t\t\t\t<a data-elementor-open-lightbox=\"yes\" data-elementor-lightbox-slideshow=\"1569635\" data-elementor-lightbox-title=\"4\" data-e-action-hash=\"#elementor-action%3Aaction%3Dlightbox%26settings%3DeyJpZCI6MjU0MSwidXJsIjoiaHR0cHM6XC9cL2ZpenlrYS16c2VsLnBsXC9ob21lXC93cC1jb250ZW50XC91cGxvYWRzXC8yMDE4XC8wNFwvNC00My5qcGciLCJzbGlkZXNob3ciOiIxNTY5NjM1In0%3D\" href='https:\/\/fizyka-zsel.pl\/home\/wp-content\/uploads\/2018\/04\/4-43.jpg'><img loading=\"lazy\" decoding=\"async\" width=\"150\" height=\"150\" src=\"https:\/\/fizyka-zsel.pl\/home\/wp-content\/uploads\/2018\/04\/4-43-150x150.jpg\" class=\"attachment-thumbnail size-thumbnail\" alt=\"\" \/><\/a>\n\t\t\t<\/div><\/figure><figure class='gallery-item'>\n\t\t\t<div class='gallery-icon landscape'>\n\t\t\t\t<a data-elementor-open-lightbox=\"yes\" data-elementor-lightbox-slideshow=\"1569635\" data-elementor-lightbox-title=\"5\" data-e-action-hash=\"#elementor-action%3Aaction%3Dlightbox%26settings%3DeyJpZCI6MjU0MiwidXJsIjoiaHR0cHM6XC9cL2ZpenlrYS16c2VsLnBsXC9ob21lXC93cC1jb250ZW50XC91cGxvYWRzXC8yMDE4XC8wNFwvNS00My5qcGciLCJzbGlkZXNob3ciOiIxNTY5NjM1In0%3D\" href='https:\/\/fizyka-zsel.pl\/home\/wp-content\/uploads\/2018\/04\/5-43.jpg'><img loading=\"lazy\" decoding=\"async\" width=\"150\" height=\"150\" src=\"https:\/\/fizyka-zsel.pl\/home\/wp-content\/uploads\/2018\/04\/5-43-150x150.jpg\" class=\"attachment-thumbnail size-thumbnail\" alt=\"\" \/><\/a>\n\t\t\t<\/div><\/figure><figure class='gallery-item'>\n\t\t\t<div class='gallery-icon landscape'>\n\t\t\t\t<a data-elementor-open-lightbox=\"yes\" data-elementor-lightbox-slideshow=\"1569635\" data-elementor-lightbox-title=\"6\" data-e-action-hash=\"#elementor-action%3Aaction%3Dlightbox%26settings%3DeyJpZCI6MjU0MywidXJsIjoiaHR0cHM6XC9cL2ZpenlrYS16c2VsLnBsXC9ob21lXC93cC1jb250ZW50XC91cGxvYWRzXC8yMDE4XC8wNFwvNi00Mi5qcGciLCJzbGlkZXNob3ciOiIxNTY5NjM1In0%3D\" href='https:\/\/fizyka-zsel.pl\/home\/wp-content\/uploads\/2018\/04\/6-42.jpg'><img loading=\"lazy\" decoding=\"async\" width=\"150\" height=\"150\" src=\"https:\/\/fizyka-zsel.pl\/home\/wp-content\/uploads\/2018\/04\/6-42-150x150.jpg\" class=\"attachment-thumbnail size-thumbnail\" alt=\"\" \/><\/a>\n\t\t\t<\/div><\/figure><figure class='gallery-item'>\n\t\t\t<div class='gallery-icon landscape'>\n\t\t\t\t<a data-elementor-open-lightbox=\"yes\" data-elementor-lightbox-slideshow=\"1569635\" data-elementor-lightbox-title=\"7\" data-e-action-hash=\"#elementor-action%3Aaction%3Dlightbox%26settings%3DeyJpZCI6MjU0NCwidXJsIjoiaHR0cHM6XC9cL2ZpenlrYS16c2VsLnBsXC9ob21lXC93cC1jb250ZW50XC91cGxvYWRzXC8yMDE4XC8wNFwvNy00Mi5qcGciLCJzbGlkZXNob3ciOiIxNTY5NjM1In0%3D\" href='https:\/\/fizyka-zsel.pl\/home\/wp-content\/uploads\/2018\/04\/7-42.jpg'><img loading=\"lazy\" decoding=\"async\" width=\"150\" height=\"150\" src=\"https:\/\/fizyka-zsel.pl\/home\/wp-content\/uploads\/2018\/04\/7-42-150x150.jpg\" class=\"attachment-thumbnail size-thumbnail\" alt=\"\" \/><\/a>\n\t\t\t<\/div><\/figure><figure class='gallery-item'>\n\t\t\t<div class='gallery-icon landscape'>\n\t\t\t\t<a data-elementor-open-lightbox=\"yes\" data-elementor-lightbox-slideshow=\"1569635\" data-elementor-lightbox-title=\"8\" data-e-action-hash=\"#elementor-action%3Aaction%3Dlightbox%26settings%3DeyJpZCI6MjU0NSwidXJsIjoiaHR0cHM6XC9cL2ZpenlrYS16c2VsLnBsXC9ob21lXC93cC1jb250ZW50XC91cGxvYWRzXC8yMDE4XC8wNFwvOC00Mi5qcGciLCJzbGlkZXNob3ciOiIxNTY5NjM1In0%3D\" href='https:\/\/fizyka-zsel.pl\/home\/wp-content\/uploads\/2018\/04\/8-42.jpg'><img loading=\"lazy\" decoding=\"async\" width=\"150\" height=\"150\" src=\"https:\/\/fizyka-zsel.pl\/home\/wp-content\/uploads\/2018\/04\/8-42-150x150.jpg\" class=\"attachment-thumbnail size-thumbnail\" alt=\"\" \/><\/a>\n\t\t\t<\/div><\/figure><figure class='gallery-item'>\n\t\t\t<div class='gallery-icon landscape'>\n\t\t\t\t<a data-elementor-open-lightbox=\"yes\" data-elementor-lightbox-slideshow=\"1569635\" data-elementor-lightbox-title=\"9\" data-e-action-hash=\"#elementor-action%3Aaction%3Dlightbox%26settings%3DeyJpZCI6MjU0NiwidXJsIjoiaHR0cHM6XC9cL2ZpenlrYS16c2VsLnBsXC9ob21lXC93cC1jb250ZW50XC91cGxvYWRzXC8yMDE4XC8wNFwvOS00Mi5qcGciLCJzbGlkZXNob3ciOiIxNTY5NjM1In0%3D\" href='https:\/\/fizyka-zsel.pl\/home\/wp-content\/uploads\/2018\/04\/9-42.jpg'><img loading=\"lazy\" decoding=\"async\" width=\"150\" height=\"150\" src=\"https:\/\/fizyka-zsel.pl\/home\/wp-content\/uploads\/2018\/04\/9-42-150x150.jpg\" class=\"attachment-thumbnail size-thumbnail\" alt=\"\" \/><\/a>\n\t\t\t<\/div><\/figure><figure class='gallery-item'>\n\t\t\t<div class='gallery-icon landscape'>\n\t\t\t\t<a data-elementor-open-lightbox=\"yes\" data-elementor-lightbox-slideshow=\"1569635\" data-elementor-lightbox-title=\"10\" data-e-action-hash=\"#elementor-action%3Aaction%3Dlightbox%26settings%3DeyJpZCI6MjU0NywidXJsIjoiaHR0cHM6XC9cL2ZpenlrYS16c2VsLnBsXC9ob21lXC93cC1jb250ZW50XC91cGxvYWRzXC8yMDE4XC8wNFwvMTAtNDAuanBnIiwic2xpZGVzaG93IjoiMTU2OTYzNSJ9\" href='https:\/\/fizyka-zsel.pl\/home\/wp-content\/uploads\/2018\/04\/10-40.jpg'><img loading=\"lazy\" decoding=\"async\" width=\"150\" height=\"150\" src=\"https:\/\/fizyka-zsel.pl\/home\/wp-content\/uploads\/2018\/04\/10-40-150x150.jpg\" class=\"attachment-thumbnail size-thumbnail\" alt=\"\" \/><\/a>\n\t\t\t<\/div><\/figure><figure class='gallery-item'>\n\t\t\t<div class='gallery-icon landscape'>\n\t\t\t\t<a data-elementor-open-lightbox=\"yes\" data-elementor-lightbox-slideshow=\"1569635\" data-elementor-lightbox-title=\"11\" data-e-action-hash=\"#elementor-action%3Aaction%3Dlightbox%26settings%3DeyJpZCI6MjU0OCwidXJsIjoiaHR0cHM6XC9cL2ZpenlrYS16c2VsLnBsXC9ob21lXC93cC1jb250ZW50XC91cGxvYWRzXC8yMDE4XC8wNFwvMTEtMzkuanBnIiwic2xpZGVzaG93IjoiMTU2OTYzNSJ9\" href='https:\/\/fizyka-zsel.pl\/home\/wp-content\/uploads\/2018\/04\/11-39.jpg'><img loading=\"lazy\" decoding=\"async\" width=\"150\" height=\"150\" src=\"https:\/\/fizyka-zsel.pl\/home\/wp-content\/uploads\/2018\/04\/11-39-150x150.jpg\" class=\"attachment-thumbnail size-thumbnail\" alt=\"\" \/><\/a>\n\t\t\t<\/div><\/figure><figure class='gallery-item'>\n\t\t\t<div class='gallery-icon landscape'>\n\t\t\t\t<a data-elementor-open-lightbox=\"yes\" data-elementor-lightbox-slideshow=\"1569635\" data-elementor-lightbox-title=\"12\" data-e-action-hash=\"#elementor-action%3Aaction%3Dlightbox%26settings%3DeyJpZCI6MjU0OSwidXJsIjoiaHR0cHM6XC9cL2ZpenlrYS16c2VsLnBsXC9ob21lXC93cC1jb250ZW50XC91cGxvYWRzXC8yMDE4XC8wNFwvMTItMzguanBnIiwic2xpZGVzaG93IjoiMTU2OTYzNSJ9\" href='https:\/\/fizyka-zsel.pl\/home\/wp-content\/uploads\/2018\/04\/12-38.jpg'><img loading=\"lazy\" decoding=\"async\" width=\"150\" height=\"150\" src=\"https:\/\/fizyka-zsel.pl\/home\/wp-content\/uploads\/2018\/04\/12-38-150x150.jpg\" class=\"attachment-thumbnail size-thumbnail\" alt=\"\" \/><\/a>\n\t\t\t<\/div><\/figure><figure class='gallery-item'>\n\t\t\t<div class='gallery-icon landscape'>\n\t\t\t\t<a data-elementor-open-lightbox=\"yes\" data-elementor-lightbox-slideshow=\"1569635\" data-elementor-lightbox-title=\"13\" data-e-action-hash=\"#elementor-action%3Aaction%3Dlightbox%26settings%3DeyJpZCI6MjU1MCwidXJsIjoiaHR0cHM6XC9cL2ZpenlrYS16c2VsLnBsXC9ob21lXC93cC1jb250ZW50XC91cGxvYWRzXC8yMDE4XC8wNFwvMTMtMzcuanBnIiwic2xpZGVzaG93IjoiMTU2OTYzNSJ9\" href='https:\/\/fizyka-zsel.pl\/home\/wp-content\/uploads\/2018\/04\/13-37.jpg'><img loading=\"lazy\" decoding=\"async\" width=\"150\" height=\"150\" src=\"https:\/\/fizyka-zsel.pl\/home\/wp-content\/uploads\/2018\/04\/13-37-150x150.jpg\" class=\"attachment-thumbnail size-thumbnail\" alt=\"\" \/><\/a>\n\t\t\t<\/div><\/figure><figure class='gallery-item'>\n\t\t\t<div class='gallery-icon landscape'>\n\t\t\t\t<a data-elementor-open-lightbox=\"yes\" data-elementor-lightbox-slideshow=\"1569635\" data-elementor-lightbox-title=\"14\" data-e-action-hash=\"#elementor-action%3Aaction%3Dlightbox%26settings%3DeyJpZCI6MjU1MSwidXJsIjoiaHR0cHM6XC9cL2ZpenlrYS16c2VsLnBsXC9ob21lXC93cC1jb250ZW50XC91cGxvYWRzXC8yMDE4XC8wNFwvMTQtMzUuanBnIiwic2xpZGVzaG93IjoiMTU2OTYzNSJ9\" href='https:\/\/fizyka-zsel.pl\/home\/wp-content\/uploads\/2018\/04\/14-35.jpg'><img loading=\"lazy\" decoding=\"async\" width=\"150\" height=\"150\" src=\"https:\/\/fizyka-zsel.pl\/home\/wp-content\/uploads\/2018\/04\/14-35-150x150.jpg\" class=\"attachment-thumbnail size-thumbnail\" alt=\"\" \/><\/a>\n\t\t\t<\/div><\/figure><figure class='gallery-item'>\n\t\t\t<div class='gallery-icon landscape'>\n\t\t\t\t<a data-elementor-open-lightbox=\"yes\" data-elementor-lightbox-slideshow=\"1569635\" data-elementor-lightbox-title=\"15\" data-e-action-hash=\"#elementor-action%3Aaction%3Dlightbox%26settings%3DeyJpZCI6MjU1MiwidXJsIjoiaHR0cHM6XC9cL2ZpenlrYS16c2VsLnBsXC9ob21lXC93cC1jb250ZW50XC91cGxvYWRzXC8yMDE4XC8wNFwvMTUtMzIuanBnIiwic2xpZGVzaG93IjoiMTU2OTYzNSJ9\" href='https:\/\/fizyka-zsel.pl\/home\/wp-content\/uploads\/2018\/04\/15-32.jpg'><img loading=\"lazy\" decoding=\"async\" width=\"150\" height=\"150\" src=\"https:\/\/fizyka-zsel.pl\/home\/wp-content\/uploads\/2018\/04\/15-32-150x150.jpg\" class=\"attachment-thumbnail size-thumbnail\" alt=\"\" \/><\/a>\n\t\t\t<\/div><\/figure><figure class='gallery-item'>\n\t\t\t<div class='gallery-icon landscape'>\n\t\t\t\t<a data-elementor-open-lightbox=\"yes\" data-elementor-lightbox-slideshow=\"1569635\" data-elementor-lightbox-title=\"16\" data-e-action-hash=\"#elementor-action%3Aaction%3Dlightbox%26settings%3DeyJpZCI6MjU1MywidXJsIjoiaHR0cHM6XC9cL2ZpenlrYS16c2VsLnBsXC9ob21lXC93cC1jb250ZW50XC91cGxvYWRzXC8yMDE4XC8wNFwvMTYtMzIuanBnIiwic2xpZGVzaG93IjoiMTU2OTYzNSJ9\" href='https:\/\/fizyka-zsel.pl\/home\/wp-content\/uploads\/2018\/04\/16-32.jpg'><img loading=\"lazy\" decoding=\"async\" width=\"150\" height=\"150\" src=\"https:\/\/fizyka-zsel.pl\/home\/wp-content\/uploads\/2018\/04\/16-32-150x150.jpg\" class=\"attachment-thumbnail size-thumbnail\" alt=\"\" \/><\/a>\n\t\t\t<\/div><\/figure><figure class='gallery-item'>\n\t\t\t<div class='gallery-icon landscape'>\n\t\t\t\t<a data-elementor-open-lightbox=\"yes\" data-elementor-lightbox-slideshow=\"1569635\" data-elementor-lightbox-title=\"17\" data-e-action-hash=\"#elementor-action%3Aaction%3Dlightbox%26settings%3DeyJpZCI6MjU1NCwidXJsIjoiaHR0cHM6XC9cL2ZpenlrYS16c2VsLnBsXC9ob21lXC93cC1jb250ZW50XC91cGxvYWRzXC8yMDE4XC8wNFwvMTctMzEuanBnIiwic2xpZGVzaG93IjoiMTU2OTYzNSJ9\" href='https:\/\/fizyka-zsel.pl\/home\/wp-content\/uploads\/2018\/04\/17-31.jpg'><img loading=\"lazy\" decoding=\"async\" width=\"150\" height=\"150\" src=\"https:\/\/fizyka-zsel.pl\/home\/wp-content\/uploads\/2018\/04\/17-31-150x150.jpg\" class=\"attachment-thumbnail size-thumbnail\" alt=\"\" \/><\/a>\n\t\t\t<\/div><\/figure><figure class='gallery-item'>\n\t\t\t<div class='gallery-icon landscape'>\n\t\t\t\t<a data-elementor-open-lightbox=\"yes\" data-elementor-lightbox-slideshow=\"1569635\" data-elementor-lightbox-title=\"18\" data-e-action-hash=\"#elementor-action%3Aaction%3Dlightbox%26settings%3DeyJpZCI6MjU1NSwidXJsIjoiaHR0cHM6XC9cL2ZpenlrYS16c2VsLnBsXC9ob21lXC93cC1jb250ZW50XC91cGxvYWRzXC8yMDE4XC8wNFwvMTgtMjkuanBnIiwic2xpZGVzaG93IjoiMTU2OTYzNSJ9\" href='https:\/\/fizyka-zsel.pl\/home\/wp-content\/uploads\/2018\/04\/18-29.jpg'><img loading=\"lazy\" decoding=\"async\" width=\"150\" height=\"150\" src=\"https:\/\/fizyka-zsel.pl\/home\/wp-content\/uploads\/2018\/04\/18-29-150x150.jpg\" class=\"attachment-thumbnail size-thumbnail\" alt=\"\" \/><\/a>\n\t\t\t<\/div><\/figure><figure class='gallery-item'>\n\t\t\t<div class='gallery-icon landscape'>\n\t\t\t\t<a data-elementor-open-lightbox=\"yes\" data-elementor-lightbox-slideshow=\"1569635\" data-elementor-lightbox-title=\"19\" data-e-action-hash=\"#elementor-action%3Aaction%3Dlightbox%26settings%3DeyJpZCI6MjU1NiwidXJsIjoiaHR0cHM6XC9cL2ZpenlrYS16c2VsLnBsXC9ob21lXC93cC1jb250ZW50XC91cGxvYWRzXC8yMDE4XC8wNFwvMTktMjguanBnIiwic2xpZGVzaG93IjoiMTU2OTYzNSJ9\" href='https:\/\/fizyka-zsel.pl\/home\/wp-content\/uploads\/2018\/04\/19-28.jpg'><img loading=\"lazy\" decoding=\"async\" width=\"150\" height=\"150\" src=\"https:\/\/fizyka-zsel.pl\/home\/wp-content\/uploads\/2018\/04\/19-28-150x150.jpg\" class=\"attachment-thumbnail size-thumbnail\" alt=\"\" \/><\/a>\n\t\t\t<\/div><\/figure><figure class='gallery-item'>\n\t\t\t<div class='gallery-icon landscape'>\n\t\t\t\t<a data-elementor-open-lightbox=\"yes\" data-elementor-lightbox-slideshow=\"1569635\" data-elementor-lightbox-title=\"20\" data-e-action-hash=\"#elementor-action%3Aaction%3Dlightbox%26settings%3DeyJpZCI6MjU1NywidXJsIjoiaHR0cHM6XC9cL2ZpenlrYS16c2VsLnBsXC9ob21lXC93cC1jb250ZW50XC91cGxvYWRzXC8yMDE4XC8wNFwvMjAtMjcuanBnIiwic2xpZGVzaG93IjoiMTU2OTYzNSJ9\" href='https:\/\/fizyka-zsel.pl\/home\/wp-content\/uploads\/2018\/04\/20-27.jpg'><img loading=\"lazy\" decoding=\"async\" width=\"150\" height=\"150\" src=\"https:\/\/fizyka-zsel.pl\/home\/wp-content\/uploads\/2018\/04\/20-27-150x150.jpg\" class=\"attachment-thumbnail size-thumbnail\" alt=\"\" \/><\/a>\n\t\t\t<\/div><\/figure>\n\t\t<\/div>\n\t\t<\/div>\n\t\t\t\t<\/div>\n\t\t\t\t<\/div>\n\t\t\t\t\t<\/div>\n\t\t<\/div>\n\t\t\t\t\t\t\t<\/div>\n\t\t<\/section>\n\t\t\t\t\t\t\t<\/div>\n\t\t","protected":false},"excerpt":{"rendered":"<p>Muzeum Techniki powsta\u0142o w 1955 roku i siedzib\u0105 muzeum sta\u0142 si\u0119 oddawany w\u00f3wczas Pa\u0142ac Kultury i Nauki. Pierwsza wystawa nosi\u0142a tytu\u0142:&#8221;Post\u0119p techniczny w s\u0142u\u017cbie cz\u0142owieka&#8221;. Organizatorem tej wystawy oraz pierwszym dyrektorem Muzeum Techniki by\u0142 in\u017c. Janusz Ci\u0105\u017ckowski. Muzeum to czerpie&#8230; <a href=\"https:\/\/fizyka-zsel.pl\/home\/muzeum-techniki\/\" class=\"readmore\">Read more<span class=\"screen-reader-text\">Muzeum Techniki<\/span><span class=\"fa fa-angle-double-right\" aria-hidden=\"true\"><\/span><\/a><\/p>\n","protected":false},"author":1,"featured_media":0,"parent":0,"menu_order":0,"comment_status":"closed","ping_status":"closed","template":"","meta":{"footnotes":""},"_links":{"self":[{"href":"https:\/\/fizyka-zsel.pl\/home\/wp-json\/wp\/v2\/pages\/2534"}],"collection":[{"href":"https:\/\/fizyka-zsel.pl\/home\/wp-json\/wp\/v2\/pages"}],"about":[{"href":"https:\/\/fizyka-zsel.pl\/home\/wp-json\/wp\/v2\/types\/page"}],"author":[{"embeddable":true,"href":"https:\/\/fizyka-zsel.pl\/home\/wp-json\/wp\/v2\/users\/1"}],"replies":[{"embeddable":true,"href":"https:\/\/fizyka-zsel.pl\/home\/wp-json\/wp\/v2\/comments?post=2534"}],"version-history":[{"count":2,"href":"https:\/\/fizyka-zsel.pl\/home\/wp-json\/wp\/v2\/pages\/2534\/revisions"}],"predecessor-version":[{"id":2558,"href":"https:\/\/fizyka-zsel.pl\/home\/wp-json\/wp\/v2\/pages\/2534\/revisions\/2558"}],"wp:attachment":[{"href":"https:\/\/fizyka-zsel.pl\/home\/wp-json\/wp\/v2\/media?parent=2534"}],"curies":[{"name":"wp","href":"https:\/\/api.w.org\/{rel}","templated":true}]}}