{"id":2508,"date":"2018-04-10T20:18:25","date_gmt":"2018-04-10T18:18:25","guid":{"rendered":"https:\/\/fizyka-zsel.pl\/home\/?page_id=2508"},"modified":"2018-04-10T20:21:43","modified_gmt":"2018-04-10T18:21:43","slug":"slcj-w-warszawie","status":"publish","type":"page","link":"https:\/\/fizyka-zsel.pl\/home\/slcj-w-warszawie\/","title":{"rendered":"\u015aLCJ w Warszawie"},"content":{"rendered":"\t\t<div data-elementor-type=\"wp-post\" data-elementor-id=\"2508\" class=\"elementor elementor-2508 elementor-bc-flex-widget\">\n\t\t\t\t\t\t\t\t\t<section class=\"elementor-section elementor-top-section elementor-element elementor-element-1918899 elementor-section-boxed elementor-section-height-default elementor-section-height-default\" data-id=\"1918899\" data-element_type=\"section\">\n\t\t\t\t\t\t<div class=\"elementor-container elementor-column-gap-default\">\n\t\t\t\t\t<div class=\"elementor-column elementor-col-100 elementor-top-column elementor-element elementor-element-e14729d\" data-id=\"e14729d\" data-element_type=\"column\">\n\t\t\t<div class=\"elementor-widget-wrap elementor-element-populated\">\n\t\t\t\t\t\t\t\t<div class=\"elementor-element elementor-element-fe55006 elementor-widget elementor-widget-text-editor\" data-id=\"fe55006\" data-element_type=\"widget\" data-widget_type=\"text-editor.default\">\n\t\t\t\t<div class=\"elementor-widget-container\">\n\t\t\t\t\t\t\t<table class=\"style8\"><tbody><tr><td align=\"justify\"><span class=\"style11\">\u015arodowiskowe Laboratorium Ci\u0119\u017ckich Jon\u00f3w (\u015aLCJ), za\u0142o\u017cone wsp\u00f3lnie przez Ministerstwo Edukacji, Polsk\u0105 Akademi\u0119 Nauk i Polsk\u0105 Agencj\u0119 Atomistyki, dysponuje cyklotronem ci\u0119\u017ckich jon\u00f3w o K=160, jedynym tego typu urz\u0105dzeniem nie tylko w Polsce, ale i w Centralnej Europie. Akcelerator dostarcza wi\u0105zki jon\u00f3w pierwiastk\u00f3w gazowych oraz posiadaj\u0105cych zwi\u0105zki w postaci gazowej, poczynaj\u0105c od boru, a ko\u0144cz\u0105c na argonie. Uzyskiwane energie wi\u0105zek mieszcz\u0105 si\u0119 w zakresie od 2 do 10 MeV na nukleon, a intensywno\u015bci si\u0119gaj\u0105 kilkuset pnA. Od chwili uruchomienia cyklotronu w 1994, liczba godzin jego pracy w roku stale wzrasta\u0142a, osi\u0105gaj\u0105c ok. 3000 godzin w roku.<\/span><p>Grupy eksperymentalne mog\u0105 korzysta\u0107 z uk\u0142ad\u00f3w do\u015bwiadczalnych zainstalowanych na sta\u0142e na traktach jonowych, lub u\u017cywa\u0107 swojej w\u0142asnej wyspecjalizowanej aparatury. W\u015br\u00f3d dost\u0119pnych uk\u0142ad\u00f3w pomiarowych nale\u017cy wymieni\u0107: uk\u0142ad SYRENA &#8211; du\u017c\u0105 uniwersaln\u0105 komor\u0119 rozprosze\u0144, IGISOL &#8211; separator masowy on-line typu skandynawskiego, CUDAC &#8211; uk\u0142ad krzemowych detektor\u00f3w cz\u0105stek typu PIN-dioda, JANOSIK &#8211; system wielodetektorowy, w kt\u00f3rego sk\u0142ad wchodzi du\u017cy kryszta\u0142 NaI(Tl) z aktywnymi i pasywnymi os\u0142onami oraz 32-cz\u0119\u015bciowy filtr krotno\u015bci, OSIRIS II &#8211; uk\u0142ad 12 detektor\u00f3w HPGe z os\u0142onami antykomptonowskimi, filtrem krotno\u015bci cz\u0105stek na\u0142adowanych obejmuj\u0105cym k\u0105t bry\u0142owy 4\u03c0, filtrem krotno\u015bci kwant\u00f3w \u03b3 z\u0142o\u017conym z 50 kryszta\u0142\u00f3w BGO oraz polarymetrem HPGe. Ostatnio rozpocz\u0119to instalacj\u0119 wielodetektorowego uk\u0142adu ICARE, przeniesionego do \u015aLCJ ze Strasbourga.<\/p><p>W\u015br\u00f3d wielu interesuj\u0105cych projekt\u00f3w naukowych prowadzonych w \u015aLCJ na szczeg\u00f3ln\u0105 uwag\u0119 zas\u0142uguj\u0105 badania nad koegzystencj\u0105 kszta\u0142tu w j\u0105drach atomowych (&#8222;mikroskop j\u0105drowy&#8221;), zjawiskiem Gigantycznego Rezonansu Dipolowego, pomiary rozk\u0142adu barier na fuzj\u0119, pr\u00f3by okre\u015blenia struktury stan\u00f3w o wysokich spinach, w tym badania tzw. pasm chiralnych, analizy mechanizm\u00f3w reakcji j\u0105der lekkich i rozpadu j\u0105der &#8222;gor\u0105cych&#8221;. Dost\u0119pno\u015b\u0107 wi\u0105zki dla projekt\u00f3w aplikacyjnych pozwoli\u0142a, mi\u0119dzy innymi, na konstrukcj\u0119 scyntylacyjnego detektora cz\u0105stek na\u0142adowanych, u\u017cywanego z uk\u0142adem EUROBALL.<\/p><p>\u015aLCJ przyci\u0105ga naukowc\u00f3w z wielu polskich i zagranicznych laboratori\u00f3w. Do jednostek badawczych stale wsp\u00f3\u0142pracuj\u0105cych z \u015aLCJ nale\u017c\u0105 liczne plac\u00f3wki naukowe z Warszawy, \u015awierku, Bia\u0142egostoku, Krakowa, Lublina, Kielc i Katowic, a tak\u017ce zagraniczne centra badawcze &#8211; w\u015br\u00f3d najsilniej zaanga\u017cowanych we wsp\u00f3\u0142prac\u0119 nale\u017cy wymieni\u0107 CEA Saclay i GANIL (Francja), GSI (Niemcy), NBI (Dania), JAEA (Japonia), Uni. Liverpool (Wlk. Brytania), IReS (Francja), Kiev (Ukraina), Muenchen (Niemcy). Dost\u0119p do wi\u0105zki z akceleratora \u015aLCJ dla przedstawionego projektu jest przyznawany przez Dyrektora Laboratorium na podstawie rekomendacji niezale\u017cnego Komitetu Eksperyment\u00f3w. Jedynymi kryteriami oceny s\u0105 warto\u015b\u0107 naukowa i techniczna wykonalno\u015b\u0107 proponowanego eksperymentu. Badania prowadzone w \u015aLCJ maj\u0105 charakter interdyscyplinarny i nie ograniczaj\u0105 si\u0119 tylko do tematyki fizyki j\u0105drowej. Du\u017ca cz\u0119\u015b\u0107 czasu wi\u0105zki jest przydzielana na pe\u0142ni\u0105ce istotn\u0105 rol\u0119 eksperymenty z dziedziny fizyki cia\u0142a sta\u0142ego, biologii, a tak\u017ce projekty aplikacyjne.<\/p><p>Laboratorium dysponuje infrastruktur\u0105 umo\u017cliwiaj\u0105c\u0105 organizacj\u0119 du\u017cych konferencji. W ostatnich latach \u015aLCJ go\u015bci\u0142o dwie znacz\u0105ce konferencje mi\u0119dzynarodowe &#8211; \u201cNuclear Physics Close to the Barrier\u201d, 1998 i XXIII European Cyclotron Progress Meeting, a tak\u017ce kilka mniejszych konferencji i warsztat\u00f3w. Dla wygody zewn\u0119trznych u\u017cytkownik\u00f3w w budynku \u015aLCJ stworzono 10 pokoi go\u015bcinnych.<\/p><p>Opr\u00f3cz prowadzenia bada\u0144 z wykorzystaniem wi\u0105zek cyklotronu ci\u0119\u017ckich jon\u00f3w, \u015aLCJ jest zaanga\u017cowane w tworzenie Warszawskiego O\u015brodka PET, pierwszej tego typu plac\u00f3wki w rejonie Warszawy. Projekt zyska\u0142 wsparcie Mi\u0119dzynarodowej Agencji Atomistyki oraz instytucji krajowych i obecnie jest w trakcie realizacji.<\/p><p>Badania prowadzone z wykorzystaniem wi\u0105zek Warszawskiego Cyklotronu zaowocowa\u0142y znaczn\u0105 liczb\u0105 publikacji w czasopismach naukowych z listy filadelfijskiej, a tak\u017ce sta\u0142y si\u0119 podstaw\u0105 prac doktorskich, magisterskich i licencjackich. Szczeg\u00f3\u0142y s\u0105 dost\u0119pne w Raportach Rocznych \u015aLCJ. Tam te\u017c mo\u017cna znale\u017a\u0107 informacje dotycz\u0105ce dzia\u0142alno\u015bci dydaktycznej i popularyzatorskiej \u015aLCJ.<\/p><\/td><\/tr><tr><td class=\"style12\" align=\"justify\"><span class=\"style11\">Informacje ze strony: <\/span><a id=\"ctl00_ContentPlaceHolder1_HyperLink1\" href=\"http:\/\/www.slcj.uw.edu.pl\" target=\"_blank\" rel=\"noopener\">www.slcj.uw.edu.pl<\/a><\/td><\/tr><\/tbody><\/table>\t\t\t\t\t\t<\/div>\n\t\t\t\t<\/div>\n\t\t\t\t<div class=\"elementor-element elementor-element-a358b01 elementor-widget elementor-widget-text-editor\" data-id=\"a358b01\" data-element_type=\"widget\" data-widget_type=\"text-editor.default\">\n\t\t\t\t<div class=\"elementor-widget-container\">\n\t\t\t\t\t\t\t<p>Uczniowie Zespo\u0142u Szk\u00f3\u0142 Elektrycznych, dnia 7 pa\u017adziernika 2009 roku, zwiedzali \u015arodowiskowe Laboratorium Ci\u0119\u017ckich Jon\u00f3w w Warszawie. \u015aLCJ jest laboratorium Uniwersytetu Warszawskiego i znajduje si\u0119 przy ulicy Pasteura 5A.<\/p><p><span class=\"style10\">Uczniowie przed zwiedzaniem laboratoium przeszli do sali konferencyjnej gdzie mogli zapozna\u0107 si\u0119 z podstawami fizyki dotycz\u0105cymi eksporyment\u00f3w przeprowadzanych w laboratorium.<\/span><br class=\"style10\" \/><span class=\"style10\">Po projekcji filmu uczestnicy wycieczki udali si\u0119 na zwiedzanie laboratorium a zw\u0142aszcza cyklotronu, urz\u0105dzenia, kt\u00f3re s\u0142u\u017cy do przyspieszania cz\u0105stek. M\u0142odzie\u017c z zainteresowaniem ogl\u0105da\u0142a i s\u0142ucha\u0142a infomracji, kt\u00f3re przekazywa\u0142a dw\u00f3jka przewodnik\u00f3w.<\/span><br class=\"style10\" \/><span class=\"style10\">M\u0142odzie\u017c mog\u0142\u0105 te\u017c dowiedzie\u0107 si\u0119 na czym polega praca w laboratorium i jakie to ma znaczenie dla rozwoju nauki oraz w \u017cyciu codziennym. Zwiedzanie laboratorium trwa\u0142o oko\u0142o 60 minut. <\/span><br class=\"style10\" \/><span class=\"style10\">Mam nadziej\u0119, \u017ce m\u0142odzie\u017cy wycieczka si\u0119 podoba\u0142a i kiedy\u015b w przysz\u0142o\u015bci mo\u017ce jakie\u015b osoby zdecyduj\u0105 si\u0119 na studia na Uniwerystecie Warszawskim lub Politechnice Warszawskiej i b\u0119d\u0105 wsp\u00f3\u0142pracowa\u0142y z \u015aLCJ podczas pisania pracy magisterskiej. Mo\u017ce znajd\u0105 si\u0119 te\u017c osoby, kt\u00f3re chcia\u0142yby pracowa\u0107 w takim laboratorium&#8230;<\/span><\/p>\t\t\t\t\t\t<\/div>\n\t\t\t\t<\/div>\n\t\t\t\t\t<\/div>\n\t\t<\/div>\n\t\t\t\t\t\t\t<\/div>\n\t\t<\/section>\n\t\t\t\t<section class=\"elementor-section elementor-top-section elementor-element elementor-element-06bcaee elementor-section-boxed elementor-section-height-default elementor-section-height-default\" data-id=\"06bcaee\" data-element_type=\"section\">\n\t\t\t\t\t\t<div class=\"elementor-container elementor-column-gap-default\">\n\t\t\t\t\t<div class=\"elementor-column elementor-col-100 elementor-top-column elementor-element elementor-element-0946886\" data-id=\"0946886\" data-element_type=\"column\">\n\t\t\t<div class=\"elementor-widget-wrap elementor-element-populated\">\n\t\t\t\t\t\t\t\t<div class=\"elementor-element elementor-element-9cd569a elementor-widget elementor-widget-image-gallery\" data-id=\"9cd569a\" data-element_type=\"widget\" data-widget_type=\"image-gallery.default\">\n\t\t\t\t<div class=\"elementor-widget-container\">\n\t\t\t\t\t<div class=\"elementor-image-gallery\">\n\t\t\t<div id='gallery-1' class='gallery galleryid-2508 gallery-columns-4 gallery-size-thumbnail'><figure class='gallery-item'>\n\t\t\t<div class='gallery-icon landscape'>\n\t\t\t\t<a data-elementor-open-lightbox=\"yes\" data-elementor-lightbox-slideshow=\"9cd569a\" data-elementor-lightbox-title=\"1\" data-e-action-hash=\"#elementor-action%3Aaction%3Dlightbox%26settings%3DeyJpZCI6MjUxMiwidXJsIjoiaHR0cHM6XC9cL2ZpenlrYS16c2VsLnBsXC9ob21lXC93cC1jb250ZW50XC91cGxvYWRzXC8yMDE4XC8wNFwvMS00NC5qcGciLCJzbGlkZXNob3ciOiI5Y2Q1NjlhIn0%3D\" href='https:\/\/fizyka-zsel.pl\/home\/wp-content\/uploads\/2018\/04\/1-44.jpg'><img decoding=\"async\" width=\"150\" height=\"150\" src=\"https:\/\/fizyka-zsel.pl\/home\/wp-content\/uploads\/2018\/04\/1-44-150x150.jpg\" class=\"attachment-thumbnail size-thumbnail\" alt=\"\" \/><\/a>\n\t\t\t<\/div><\/figure><figure class='gallery-item'>\n\t\t\t<div class='gallery-icon landscape'>\n\t\t\t\t<a data-elementor-open-lightbox=\"yes\" data-elementor-lightbox-slideshow=\"9cd569a\" data-elementor-lightbox-title=\"2\" data-e-action-hash=\"#elementor-action%3Aaction%3Dlightbox%26settings%3DeyJpZCI6MjUxMywidXJsIjoiaHR0cHM6XC9cL2ZpenlrYS16c2VsLnBsXC9ob21lXC93cC1jb250ZW50XC91cGxvYWRzXC8yMDE4XC8wNFwvMi00NC5qcGciLCJzbGlkZXNob3ciOiI5Y2Q1NjlhIn0%3D\" href='https:\/\/fizyka-zsel.pl\/home\/wp-content\/uploads\/2018\/04\/2-44.jpg'><img decoding=\"async\" width=\"150\" height=\"150\" src=\"https:\/\/fizyka-zsel.pl\/home\/wp-content\/uploads\/2018\/04\/2-44-150x150.jpg\" class=\"attachment-thumbnail size-thumbnail\" alt=\"\" \/><\/a>\n\t\t\t<\/div><\/figure><figure class='gallery-item'>\n\t\t\t<div class='gallery-icon landscape'>\n\t\t\t\t<a data-elementor-open-lightbox=\"yes\" data-elementor-lightbox-slideshow=\"9cd569a\" data-elementor-lightbox-title=\"3\" data-e-action-hash=\"#elementor-action%3Aaction%3Dlightbox%26settings%3DeyJpZCI6MjUxNCwidXJsIjoiaHR0cHM6XC9cL2ZpenlrYS16c2VsLnBsXC9ob21lXC93cC1jb250ZW50XC91cGxvYWRzXC8yMDE4XC8wNFwvMy00My5qcGciLCJzbGlkZXNob3ciOiI5Y2Q1NjlhIn0%3D\" href='https:\/\/fizyka-zsel.pl\/home\/wp-content\/uploads\/2018\/04\/3-43.jpg'><img decoding=\"async\" width=\"150\" height=\"150\" src=\"https:\/\/fizyka-zsel.pl\/home\/wp-content\/uploads\/2018\/04\/3-43-150x150.jpg\" class=\"attachment-thumbnail size-thumbnail\" alt=\"\" \/><\/a>\n\t\t\t<\/div><\/figure><figure class='gallery-item'>\n\t\t\t<div class='gallery-icon landscape'>\n\t\t\t\t<a data-elementor-open-lightbox=\"yes\" data-elementor-lightbox-slideshow=\"9cd569a\" data-elementor-lightbox-title=\"4\" data-e-action-hash=\"#elementor-action%3Aaction%3Dlightbox%26settings%3DeyJpZCI6MjUxNSwidXJsIjoiaHR0cHM6XC9cL2ZpenlrYS16c2VsLnBsXC9ob21lXC93cC1jb250ZW50XC91cGxvYWRzXC8yMDE4XC8wNFwvNC00Mi5qcGciLCJzbGlkZXNob3ciOiI5Y2Q1NjlhIn0%3D\" href='https:\/\/fizyka-zsel.pl\/home\/wp-content\/uploads\/2018\/04\/4-42.jpg'><img loading=\"lazy\" decoding=\"async\" width=\"150\" height=\"150\" src=\"https:\/\/fizyka-zsel.pl\/home\/wp-content\/uploads\/2018\/04\/4-42-150x150.jpg\" class=\"attachment-thumbnail size-thumbnail\" alt=\"\" \/><\/a>\n\t\t\t<\/div><\/figure><figure class='gallery-item'>\n\t\t\t<div class='gallery-icon landscape'>\n\t\t\t\t<a data-elementor-open-lightbox=\"yes\" data-elementor-lightbox-slideshow=\"9cd569a\" data-elementor-lightbox-title=\"5\" data-e-action-hash=\"#elementor-action%3Aaction%3Dlightbox%26settings%3DeyJpZCI6MjUxNiwidXJsIjoiaHR0cHM6XC9cL2ZpenlrYS16c2VsLnBsXC9ob21lXC93cC1jb250ZW50XC91cGxvYWRzXC8yMDE4XC8wNFwvNS00Mi5qcGciLCJzbGlkZXNob3ciOiI5Y2Q1NjlhIn0%3D\" href='https:\/\/fizyka-zsel.pl\/home\/wp-content\/uploads\/2018\/04\/5-42.jpg'><img loading=\"lazy\" decoding=\"async\" width=\"150\" height=\"150\" src=\"https:\/\/fizyka-zsel.pl\/home\/wp-content\/uploads\/2018\/04\/5-42-150x150.jpg\" class=\"attachment-thumbnail size-thumbnail\" alt=\"\" \/><\/a>\n\t\t\t<\/div><\/figure><figure class='gallery-item'>\n\t\t\t<div class='gallery-icon landscape'>\n\t\t\t\t<a data-elementor-open-lightbox=\"yes\" data-elementor-lightbox-slideshow=\"9cd569a\" data-elementor-lightbox-title=\"6\" data-e-action-hash=\"#elementor-action%3Aaction%3Dlightbox%26settings%3DeyJpZCI6MjUxNywidXJsIjoiaHR0cHM6XC9cL2ZpenlrYS16c2VsLnBsXC9ob21lXC93cC1jb250ZW50XC91cGxvYWRzXC8yMDE4XC8wNFwvNi00MS5qcGciLCJzbGlkZXNob3ciOiI5Y2Q1NjlhIn0%3D\" href='https:\/\/fizyka-zsel.pl\/home\/wp-content\/uploads\/2018\/04\/6-41.jpg'><img loading=\"lazy\" decoding=\"async\" width=\"150\" height=\"150\" src=\"https:\/\/fizyka-zsel.pl\/home\/wp-content\/uploads\/2018\/04\/6-41-150x150.jpg\" class=\"attachment-thumbnail size-thumbnail\" alt=\"\" \/><\/a>\n\t\t\t<\/div><\/figure><figure class='gallery-item'>\n\t\t\t<div class='gallery-icon landscape'>\n\t\t\t\t<a data-elementor-open-lightbox=\"yes\" data-elementor-lightbox-slideshow=\"9cd569a\" data-elementor-lightbox-title=\"7\" data-e-action-hash=\"#elementor-action%3Aaction%3Dlightbox%26settings%3DeyJpZCI6MjUxOCwidXJsIjoiaHR0cHM6XC9cL2ZpenlrYS16c2VsLnBsXC9ob21lXC93cC1jb250ZW50XC91cGxvYWRzXC8yMDE4XC8wNFwvNy00MS5qcGciLCJzbGlkZXNob3ciOiI5Y2Q1NjlhIn0%3D\" href='https:\/\/fizyka-zsel.pl\/home\/wp-content\/uploads\/2018\/04\/7-41.jpg'><img loading=\"lazy\" decoding=\"async\" width=\"150\" height=\"150\" src=\"https:\/\/fizyka-zsel.pl\/home\/wp-content\/uploads\/2018\/04\/7-41-150x150.jpg\" class=\"attachment-thumbnail size-thumbnail\" alt=\"\" \/><\/a>\n\t\t\t<\/div><\/figure><figure class='gallery-item'>\n\t\t\t<div class='gallery-icon landscape'>\n\t\t\t\t<a data-elementor-open-lightbox=\"yes\" data-elementor-lightbox-slideshow=\"9cd569a\" data-elementor-lightbox-title=\"8\" data-e-action-hash=\"#elementor-action%3Aaction%3Dlightbox%26settings%3DeyJpZCI6MjUxOSwidXJsIjoiaHR0cHM6XC9cL2ZpenlrYS16c2VsLnBsXC9ob21lXC93cC1jb250ZW50XC91cGxvYWRzXC8yMDE4XC8wNFwvOC00MS5qcGciLCJzbGlkZXNob3ciOiI5Y2Q1NjlhIn0%3D\" href='https:\/\/fizyka-zsel.pl\/home\/wp-content\/uploads\/2018\/04\/8-41.jpg'><img loading=\"lazy\" decoding=\"async\" width=\"150\" height=\"150\" src=\"https:\/\/fizyka-zsel.pl\/home\/wp-content\/uploads\/2018\/04\/8-41-150x150.jpg\" class=\"attachment-thumbnail size-thumbnail\" alt=\"\" \/><\/a>\n\t\t\t<\/div><\/figure><figure class='gallery-item'>\n\t\t\t<div class='gallery-icon landscape'>\n\t\t\t\t<a data-elementor-open-lightbox=\"yes\" data-elementor-lightbox-slideshow=\"9cd569a\" data-elementor-lightbox-title=\"9\" data-e-action-hash=\"#elementor-action%3Aaction%3Dlightbox%26settings%3DeyJpZCI6MjUyMCwidXJsIjoiaHR0cHM6XC9cL2ZpenlrYS16c2VsLnBsXC9ob21lXC93cC1jb250ZW50XC91cGxvYWRzXC8yMDE4XC8wNFwvOS00MS5qcGciLCJzbGlkZXNob3ciOiI5Y2Q1NjlhIn0%3D\" href='https:\/\/fizyka-zsel.pl\/home\/wp-content\/uploads\/2018\/04\/9-41.jpg'><img loading=\"lazy\" decoding=\"async\" width=\"150\" height=\"150\" src=\"https:\/\/fizyka-zsel.pl\/home\/wp-content\/uploads\/2018\/04\/9-41-150x150.jpg\" class=\"attachment-thumbnail size-thumbnail\" alt=\"\" \/><\/a>\n\t\t\t<\/div><\/figure><figure class='gallery-item'>\n\t\t\t<div class='gallery-icon landscape'>\n\t\t\t\t<a data-elementor-open-lightbox=\"yes\" data-elementor-lightbox-slideshow=\"9cd569a\" data-elementor-lightbox-title=\"10\" data-e-action-hash=\"#elementor-action%3Aaction%3Dlightbox%26settings%3DeyJpZCI6MjUyMSwidXJsIjoiaHR0cHM6XC9cL2ZpenlrYS16c2VsLnBsXC9ob21lXC93cC1jb250ZW50XC91cGxvYWRzXC8yMDE4XC8wNFwvMTAtMzkuanBnIiwic2xpZGVzaG93IjoiOWNkNTY5YSJ9\" href='https:\/\/fizyka-zsel.pl\/home\/wp-content\/uploads\/2018\/04\/10-39.jpg'><img loading=\"lazy\" decoding=\"async\" width=\"150\" height=\"150\" src=\"https:\/\/fizyka-zsel.pl\/home\/wp-content\/uploads\/2018\/04\/10-39-150x150.jpg\" class=\"attachment-thumbnail size-thumbnail\" alt=\"\" \/><\/a>\n\t\t\t<\/div><\/figure><figure class='gallery-item'>\n\t\t\t<div class='gallery-icon landscape'>\n\t\t\t\t<a data-elementor-open-lightbox=\"yes\" data-elementor-lightbox-slideshow=\"9cd569a\" data-elementor-lightbox-title=\"11\" data-e-action-hash=\"#elementor-action%3Aaction%3Dlightbox%26settings%3DeyJpZCI6MjUyMiwidXJsIjoiaHR0cHM6XC9cL2ZpenlrYS16c2VsLnBsXC9ob21lXC93cC1jb250ZW50XC91cGxvYWRzXC8yMDE4XC8wNFwvMTEtMzguanBnIiwic2xpZGVzaG93IjoiOWNkNTY5YSJ9\" href='https:\/\/fizyka-zsel.pl\/home\/wp-content\/uploads\/2018\/04\/11-38.jpg'><img loading=\"lazy\" decoding=\"async\" width=\"150\" height=\"150\" src=\"https:\/\/fizyka-zsel.pl\/home\/wp-content\/uploads\/2018\/04\/11-38-150x150.jpg\" class=\"attachment-thumbnail size-thumbnail\" alt=\"\" \/><\/a>\n\t\t\t<\/div><\/figure><figure class='gallery-item'>\n\t\t\t<div class='gallery-icon landscape'>\n\t\t\t\t<a data-elementor-open-lightbox=\"yes\" data-elementor-lightbox-slideshow=\"9cd569a\" data-elementor-lightbox-title=\"12\" data-e-action-hash=\"#elementor-action%3Aaction%3Dlightbox%26settings%3DeyJpZCI6MjUyMywidXJsIjoiaHR0cHM6XC9cL2ZpenlrYS16c2VsLnBsXC9ob21lXC93cC1jb250ZW50XC91cGxvYWRzXC8yMDE4XC8wNFwvMTItMzcuanBnIiwic2xpZGVzaG93IjoiOWNkNTY5YSJ9\" href='https:\/\/fizyka-zsel.pl\/home\/wp-content\/uploads\/2018\/04\/12-37.jpg'><img loading=\"lazy\" decoding=\"async\" width=\"150\" height=\"150\" src=\"https:\/\/fizyka-zsel.pl\/home\/wp-content\/uploads\/2018\/04\/12-37-150x150.jpg\" class=\"attachment-thumbnail size-thumbnail\" alt=\"\" \/><\/a>\n\t\t\t<\/div><\/figure><figure class='gallery-item'>\n\t\t\t<div class='gallery-icon landscape'>\n\t\t\t\t<a data-elementor-open-lightbox=\"yes\" data-elementor-lightbox-slideshow=\"9cd569a\" data-elementor-lightbox-title=\"13\" data-e-action-hash=\"#elementor-action%3Aaction%3Dlightbox%26settings%3DeyJpZCI6MjUyNCwidXJsIjoiaHR0cHM6XC9cL2ZpenlrYS16c2VsLnBsXC9ob21lXC93cC1jb250ZW50XC91cGxvYWRzXC8yMDE4XC8wNFwvMTMtMzYuanBnIiwic2xpZGVzaG93IjoiOWNkNTY5YSJ9\" href='https:\/\/fizyka-zsel.pl\/home\/wp-content\/uploads\/2018\/04\/13-36.jpg'><img loading=\"lazy\" decoding=\"async\" width=\"150\" height=\"150\" src=\"https:\/\/fizyka-zsel.pl\/home\/wp-content\/uploads\/2018\/04\/13-36-150x150.jpg\" class=\"attachment-thumbnail size-thumbnail\" alt=\"\" \/><\/a>\n\t\t\t<\/div><\/figure><figure class='gallery-item'>\n\t\t\t<div class='gallery-icon landscape'>\n\t\t\t\t<a data-elementor-open-lightbox=\"yes\" data-elementor-lightbox-slideshow=\"9cd569a\" data-elementor-lightbox-title=\"14\" data-e-action-hash=\"#elementor-action%3Aaction%3Dlightbox%26settings%3DeyJpZCI6MjUyNSwidXJsIjoiaHR0cHM6XC9cL2ZpenlrYS16c2VsLnBsXC9ob21lXC93cC1jb250ZW50XC91cGxvYWRzXC8yMDE4XC8wNFwvMTQtMzQuanBnIiwic2xpZGVzaG93IjoiOWNkNTY5YSJ9\" href='https:\/\/fizyka-zsel.pl\/home\/wp-content\/uploads\/2018\/04\/14-34.jpg'><img loading=\"lazy\" decoding=\"async\" width=\"150\" height=\"150\" src=\"https:\/\/fizyka-zsel.pl\/home\/wp-content\/uploads\/2018\/04\/14-34-150x150.jpg\" class=\"attachment-thumbnail size-thumbnail\" alt=\"\" \/><\/a>\n\t\t\t<\/div><\/figure><figure class='gallery-item'>\n\t\t\t<div class='gallery-icon landscape'>\n\t\t\t\t<a data-elementor-open-lightbox=\"yes\" data-elementor-lightbox-slideshow=\"9cd569a\" data-elementor-lightbox-title=\"15\" data-e-action-hash=\"#elementor-action%3Aaction%3Dlightbox%26settings%3DeyJpZCI6MjUyNiwidXJsIjoiaHR0cHM6XC9cL2ZpenlrYS16c2VsLnBsXC9ob21lXC93cC1jb250ZW50XC91cGxvYWRzXC8yMDE4XC8wNFwvMTUtMzEuanBnIiwic2xpZGVzaG93IjoiOWNkNTY5YSJ9\" href='https:\/\/fizyka-zsel.pl\/home\/wp-content\/uploads\/2018\/04\/15-31.jpg'><img loading=\"lazy\" decoding=\"async\" width=\"150\" height=\"150\" src=\"https:\/\/fizyka-zsel.pl\/home\/wp-content\/uploads\/2018\/04\/15-31-150x150.jpg\" class=\"attachment-thumbnail size-thumbnail\" alt=\"\" \/><\/a>\n\t\t\t<\/div><\/figure><figure class='gallery-item'>\n\t\t\t<div class='gallery-icon landscape'>\n\t\t\t\t<a data-elementor-open-lightbox=\"yes\" data-elementor-lightbox-slideshow=\"9cd569a\" data-elementor-lightbox-title=\"16\" data-e-action-hash=\"#elementor-action%3Aaction%3Dlightbox%26settings%3DeyJpZCI6MjUyOCwidXJsIjoiaHR0cHM6XC9cL2ZpenlrYS16c2VsLnBsXC9ob21lXC93cC1jb250ZW50XC91cGxvYWRzXC8yMDE4XC8wNFwvMTYtMzEuanBnIiwic2xpZGVzaG93IjoiOWNkNTY5YSJ9\" href='https:\/\/fizyka-zsel.pl\/home\/wp-content\/uploads\/2018\/04\/16-31.jpg'><img loading=\"lazy\" decoding=\"async\" width=\"150\" height=\"150\" src=\"https:\/\/fizyka-zsel.pl\/home\/wp-content\/uploads\/2018\/04\/16-31-150x150.jpg\" class=\"attachment-thumbnail size-thumbnail\" alt=\"\" \/><\/a>\n\t\t\t<\/div><\/figure><figure class='gallery-item'>\n\t\t\t<div class='gallery-icon landscape'>\n\t\t\t\t<a data-elementor-open-lightbox=\"yes\" data-elementor-lightbox-slideshow=\"9cd569a\" data-elementor-lightbox-title=\"17\" data-e-action-hash=\"#elementor-action%3Aaction%3Dlightbox%26settings%3DeyJpZCI6MjUyOSwidXJsIjoiaHR0cHM6XC9cL2ZpenlrYS16c2VsLnBsXC9ob21lXC93cC1jb250ZW50XC91cGxvYWRzXC8yMDE4XC8wNFwvMTctMzAuanBnIiwic2xpZGVzaG93IjoiOWNkNTY5YSJ9\" href='https:\/\/fizyka-zsel.pl\/home\/wp-content\/uploads\/2018\/04\/17-30.jpg'><img loading=\"lazy\" decoding=\"async\" width=\"150\" height=\"150\" src=\"https:\/\/fizyka-zsel.pl\/home\/wp-content\/uploads\/2018\/04\/17-30-150x150.jpg\" class=\"attachment-thumbnail size-thumbnail\" alt=\"\" \/><\/a>\n\t\t\t<\/div><\/figure><figure class='gallery-item'>\n\t\t\t<div class='gallery-icon landscape'>\n\t\t\t\t<a data-elementor-open-lightbox=\"yes\" data-elementor-lightbox-slideshow=\"9cd569a\" data-elementor-lightbox-title=\"18\" data-e-action-hash=\"#elementor-action%3Aaction%3Dlightbox%26settings%3DeyJpZCI6MjUzMCwidXJsIjoiaHR0cHM6XC9cL2ZpenlrYS16c2VsLnBsXC9ob21lXC93cC1jb250ZW50XC91cGxvYWRzXC8yMDE4XC8wNFwvMTgtMjguanBnIiwic2xpZGVzaG93IjoiOWNkNTY5YSJ9\" href='https:\/\/fizyka-zsel.pl\/home\/wp-content\/uploads\/2018\/04\/18-28.jpg'><img loading=\"lazy\" decoding=\"async\" width=\"150\" height=\"150\" src=\"https:\/\/fizyka-zsel.pl\/home\/wp-content\/uploads\/2018\/04\/18-28-150x150.jpg\" class=\"attachment-thumbnail size-thumbnail\" alt=\"\" \/><\/a>\n\t\t\t<\/div><\/figure><figure class='gallery-item'>\n\t\t\t<div class='gallery-icon landscape'>\n\t\t\t\t<a data-elementor-open-lightbox=\"yes\" data-elementor-lightbox-slideshow=\"9cd569a\" data-elementor-lightbox-title=\"19\" data-e-action-hash=\"#elementor-action%3Aaction%3Dlightbox%26settings%3DeyJpZCI6MjUzMSwidXJsIjoiaHR0cHM6XC9cL2ZpenlrYS16c2VsLnBsXC9ob21lXC93cC1jb250ZW50XC91cGxvYWRzXC8yMDE4XC8wNFwvMTktMjcuanBnIiwic2xpZGVzaG93IjoiOWNkNTY5YSJ9\" href='https:\/\/fizyka-zsel.pl\/home\/wp-content\/uploads\/2018\/04\/19-27.jpg'><img loading=\"lazy\" decoding=\"async\" width=\"150\" height=\"150\" src=\"https:\/\/fizyka-zsel.pl\/home\/wp-content\/uploads\/2018\/04\/19-27-150x150.jpg\" class=\"attachment-thumbnail size-thumbnail\" alt=\"\" \/><\/a>\n\t\t\t<\/div><\/figure><figure class='gallery-item'>\n\t\t\t<div class='gallery-icon landscape'>\n\t\t\t\t<a data-elementor-open-lightbox=\"yes\" data-elementor-lightbox-slideshow=\"9cd569a\" data-elementor-lightbox-title=\"20\" data-e-action-hash=\"#elementor-action%3Aaction%3Dlightbox%26settings%3DeyJpZCI6MjUzMiwidXJsIjoiaHR0cHM6XC9cL2ZpenlrYS16c2VsLnBsXC9ob21lXC93cC1jb250ZW50XC91cGxvYWRzXC8yMDE4XC8wNFwvMjAtMjYuanBnIiwic2xpZGVzaG93IjoiOWNkNTY5YSJ9\" href='https:\/\/fizyka-zsel.pl\/home\/wp-content\/uploads\/2018\/04\/20-26.jpg'><img loading=\"lazy\" decoding=\"async\" width=\"150\" height=\"150\" src=\"https:\/\/fizyka-zsel.pl\/home\/wp-content\/uploads\/2018\/04\/20-26-150x150.jpg\" class=\"attachment-thumbnail size-thumbnail\" alt=\"\" \/><\/a>\n\t\t\t<\/div><\/figure>\n\t\t<\/div>\n\t\t<\/div>\n\t\t\t\t<\/div>\n\t\t\t\t<\/div>\n\t\t\t\t\t<\/div>\n\t\t<\/div>\n\t\t\t\t\t\t\t<\/div>\n\t\t<\/section>\n\t\t\t\t\t\t\t<\/div>\n\t\t","protected":false},"excerpt":{"rendered":"<p>\u015arodowiskowe Laboratorium Ci\u0119\u017ckich Jon\u00f3w (\u015aLCJ), za\u0142o\u017cone wsp\u00f3lnie przez Ministerstwo Edukacji, Polsk\u0105 Akademi\u0119 Nauk i Polsk\u0105 Agencj\u0119 Atomistyki, dysponuje cyklotronem ci\u0119\u017ckich jon\u00f3w o K=160, jedynym tego typu urz\u0105dzeniem nie tylko w Polsce, ale i w Centralnej Europie. Akcelerator dostarcza wi\u0105zki jon\u00f3w&#8230; <a href=\"https:\/\/fizyka-zsel.pl\/home\/slcj-w-warszawie\/\" class=\"readmore\">Read more<span class=\"screen-reader-text\">\u015aLCJ w Warszawie<\/span><span class=\"fa fa-angle-double-right\" aria-hidden=\"true\"><\/span><\/a><\/p>\n","protected":false},"author":1,"featured_media":0,"parent":0,"menu_order":0,"comment_status":"closed","ping_status":"closed","template":"","meta":{"footnotes":""},"_links":{"self":[{"href":"https:\/\/fizyka-zsel.pl\/home\/wp-json\/wp\/v2\/pages\/2508"}],"collection":[{"href":"https:\/\/fizyka-zsel.pl\/home\/wp-json\/wp\/v2\/pages"}],"about":[{"href":"https:\/\/fizyka-zsel.pl\/home\/wp-json\/wp\/v2\/types\/page"}],"author":[{"embeddable":true,"href":"https:\/\/fizyka-zsel.pl\/home\/wp-json\/wp\/v2\/users\/1"}],"replies":[{"embeddable":true,"href":"https:\/\/fizyka-zsel.pl\/home\/wp-json\/wp\/v2\/comments?post=2508"}],"version-history":[{"count":2,"href":"https:\/\/fizyka-zsel.pl\/home\/wp-json\/wp\/v2\/pages\/2508\/revisions"}],"predecessor-version":[{"id":2533,"href":"https:\/\/fizyka-zsel.pl\/home\/wp-json\/wp\/v2\/pages\/2508\/revisions\/2533"}],"wp:attachment":[{"href":"https:\/\/fizyka-zsel.pl\/home\/wp-json\/wp\/v2\/media?parent=2508"}],"curies":[{"name":"wp","href":"https:\/\/api.w.org\/{rel}","templated":true}]}}