{"id":1895,"date":"2018-04-08T15:15:46","date_gmt":"2018-04-08T13:15:46","guid":{"rendered":"https:\/\/fizyka-zsel.pl\/home\/?page_id=1895"},"modified":"2018-04-08T15:17:05","modified_gmt":"2018-04-08T13:17:05","slug":"maria-sklodowska","status":"publish","type":"page","link":"https:\/\/fizyka-zsel.pl\/home\/maria-sklodowska\/","title":{"rendered":"Maria Sk\u0142odowska"},"content":{"rendered":"\t\t<div data-elementor-type=\"wp-page\" data-elementor-id=\"1895\" class=\"elementor elementor-1895 elementor-bc-flex-widget\">\n\t\t\t\t\t\t\t\t\t<section class=\"elementor-section elementor-top-section elementor-element elementor-element-1d7798c elementor-section-boxed elementor-section-height-default elementor-section-height-default\" data-id=\"1d7798c\" data-element_type=\"section\">\n\t\t\t\t\t\t<div class=\"elementor-container elementor-column-gap-default\">\n\t\t\t\t\t<div class=\"elementor-column elementor-col-100 elementor-top-column elementor-element elementor-element-c8fe3bb\" data-id=\"c8fe3bb\" data-element_type=\"column\">\n\t\t\t<div class=\"elementor-widget-wrap elementor-element-populated\">\n\t\t\t\t\t\t\t\t<div class=\"elementor-element elementor-element-cc94a1b elementor-widget elementor-widget-text-editor\" data-id=\"cc94a1b\" data-element_type=\"widget\" data-widget_type=\"text-editor.default\">\n\t\t\t\t<div class=\"elementor-widget-container\">\n\t\t\t\t\t\t\t<p><strong><em>&#8222;Co sprawia, \u017ce Mari\u0119 Sk\u0142odowsk\u0105 &#8211; Curie uznaje si\u0119 za kobiet\u0119 niezwyk\u0142\u0105?&#8221; &#8211; projekt edukacyjny<\/em><\/strong><\/p><ol><li><strong>&#8222;Linia \u017cycia i biogramy Marii Sk\u0142odowskiej-Curie&#8221;<\/strong> &#8211; ulotki, broszury informacyjne (uczniowie klas I) &#8211; termin: do ko\u0144ca marca<\/li><li><strong>&#8222;Wyj\u0105tkowe cechy osobowo\u015bci Marii Sk\u0142odowskiej-Curie jako kobiety uczonej&#8221;<\/strong> &#8211; prezentacja multimedialna (uczniowie klas II) &#8211; termin: do ko\u0144ca marca<\/li><li><strong>&#8222;Z \u017cycia Marii&#8221;<\/strong> &#8211; gazetka \u015bcienna i zak\u0142adka na stronie internetowej (ch\u0119tni uczniowie klas I &#8211; III) &#8211; termin: do ko\u0144ca marca<\/li><li><strong>&#8222;Drzewo genealogiczne rodziny Marii&#8221;<\/strong> &#8211; plakat (ch\u0119tni uczniowie klas I &#8211; III) Termin: do 15 kwietnia<\/li><li><strong>Konkurs o \u017cyciu i pracy naukowej Marii Sk\u0142odowskiej-Curie<\/strong> &#8211; zagadnienia z chemii dotycz\u0105ce promieniotw\u00f3rczo\u015bci (ch\u0119tni uczniowie klas I &#8211; III) &#8211; termin: pierwsza po\u0142owa kwietnia<\/li><li><strong>Publiczna prezentacja efekt\u00f3w<\/strong> &#8211; II po\u0142owa kwietnia 2011r.<\/li><li><strong>Wyjazd do muzeum Marii Sk\u0142odowskiej-Curie w Warszawie<\/strong> &#8211; 1 czerwca 2011 (wybrani uczniowie z klas II lub III)<\/li><\/ol>\t\t\t\t\t\t<\/div>\n\t\t\t\t<\/div>\n\t\t\t\t\t<\/div>\n\t\t<\/div>\n\t\t\t\t\t\t\t<\/div>\n\t\t<\/section>\n\t\t\t\t<section class=\"elementor-section elementor-top-section elementor-element elementor-element-93f9326 elementor-section-boxed elementor-section-height-default elementor-section-height-default\" data-id=\"93f9326\" data-element_type=\"section\">\n\t\t\t\t\t\t<div class=\"elementor-container elementor-column-gap-default\">\n\t\t\t\t\t<div class=\"elementor-column elementor-col-100 elementor-top-column elementor-element elementor-element-9077316\" data-id=\"9077316\" data-element_type=\"column\">\n\t\t\t<div class=\"elementor-widget-wrap elementor-element-populated\">\n\t\t\t\t\t\t\t\t<div class=\"elementor-element elementor-element-e70b638 elementor-widget elementor-widget-image-gallery\" data-id=\"e70b638\" data-element_type=\"widget\" data-widget_type=\"image-gallery.default\">\n\t\t\t\t<div class=\"elementor-widget-container\">\n\t\t\t\t\t<div class=\"elementor-image-gallery\">\n\t\t\t<div id='gallery-1' class='gallery galleryid-1895 gallery-columns-4 gallery-size-thumbnail'><figure class='gallery-item'>\n\t\t\t<div class='gallery-icon landscape'>\n\t\t\t\t<a data-elementor-open-lightbox=\"yes\" data-elementor-lightbox-slideshow=\"e70b638\" data-elementor-lightbox-title=\"1\" data-e-action-hash=\"#elementor-action%3Aaction%3Dlightbox%26settings%3DeyJpZCI6MTg5OSwidXJsIjoiaHR0cHM6XC9cL2ZpenlrYS16c2VsLnBsXC9ob21lXC93cC1jb250ZW50XC91cGxvYWRzXC8yMDE4XC8wNFwvMS0zMi5qcGciLCJzbGlkZXNob3ciOiJlNzBiNjM4In0%3D\" href='https:\/\/fizyka-zsel.pl\/home\/wp-content\/uploads\/2018\/04\/1-32.jpg'><img decoding=\"async\" width=\"150\" height=\"150\" src=\"https:\/\/fizyka-zsel.pl\/home\/wp-content\/uploads\/2018\/04\/1-32-150x150.jpg\" class=\"attachment-thumbnail size-thumbnail\" alt=\"\" \/><\/a>\n\t\t\t<\/div><\/figure><figure class='gallery-item'>\n\t\t\t<div class='gallery-icon landscape'>\n\t\t\t\t<a data-elementor-open-lightbox=\"yes\" data-elementor-lightbox-slideshow=\"e70b638\" data-elementor-lightbox-title=\"2\" data-e-action-hash=\"#elementor-action%3Aaction%3Dlightbox%26settings%3DeyJpZCI6MTkwMCwidXJsIjoiaHR0cHM6XC9cL2ZpenlrYS16c2VsLnBsXC9ob21lXC93cC1jb250ZW50XC91cGxvYWRzXC8yMDE4XC8wNFwvMi0zMi5qcGciLCJzbGlkZXNob3ciOiJlNzBiNjM4In0%3D\" href='https:\/\/fizyka-zsel.pl\/home\/wp-content\/uploads\/2018\/04\/2-32.jpg'><img decoding=\"async\" width=\"150\" height=\"150\" src=\"https:\/\/fizyka-zsel.pl\/home\/wp-content\/uploads\/2018\/04\/2-32-150x150.jpg\" class=\"attachment-thumbnail size-thumbnail\" alt=\"\" \/><\/a>\n\t\t\t<\/div><\/figure><figure class='gallery-item'>\n\t\t\t<div class='gallery-icon landscape'>\n\t\t\t\t<a data-elementor-open-lightbox=\"yes\" data-elementor-lightbox-slideshow=\"e70b638\" data-elementor-lightbox-title=\"3\" data-e-action-hash=\"#elementor-action%3Aaction%3Dlightbox%26settings%3DeyJpZCI6MTkwMSwidXJsIjoiaHR0cHM6XC9cL2ZpenlrYS16c2VsLnBsXC9ob21lXC93cC1jb250ZW50XC91cGxvYWRzXC8yMDE4XC8wNFwvMy0zMS5qcGciLCJzbGlkZXNob3ciOiJlNzBiNjM4In0%3D\" href='https:\/\/fizyka-zsel.pl\/home\/wp-content\/uploads\/2018\/04\/3-31.jpg'><img decoding=\"async\" width=\"150\" height=\"150\" src=\"https:\/\/fizyka-zsel.pl\/home\/wp-content\/uploads\/2018\/04\/3-31-150x150.jpg\" class=\"attachment-thumbnail size-thumbnail\" alt=\"\" \/><\/a>\n\t\t\t<\/div><\/figure><figure class='gallery-item'>\n\t\t\t<div class='gallery-icon landscape'>\n\t\t\t\t<a data-elementor-open-lightbox=\"yes\" data-elementor-lightbox-slideshow=\"e70b638\" data-elementor-lightbox-title=\"4\" data-e-action-hash=\"#elementor-action%3Aaction%3Dlightbox%26settings%3DeyJpZCI6MTkwMiwidXJsIjoiaHR0cHM6XC9cL2ZpenlrYS16c2VsLnBsXC9ob21lXC93cC1jb250ZW50XC91cGxvYWRzXC8yMDE4XC8wNFwvNC0zMC5qcGciLCJzbGlkZXNob3ciOiJlNzBiNjM4In0%3D\" href='https:\/\/fizyka-zsel.pl\/home\/wp-content\/uploads\/2018\/04\/4-30.jpg'><img loading=\"lazy\" decoding=\"async\" width=\"150\" height=\"150\" src=\"https:\/\/fizyka-zsel.pl\/home\/wp-content\/uploads\/2018\/04\/4-30-150x150.jpg\" class=\"attachment-thumbnail size-thumbnail\" alt=\"\" \/><\/a>\n\t\t\t<\/div><\/figure><figure class='gallery-item'>\n\t\t\t<div class='gallery-icon landscape'>\n\t\t\t\t<a data-elementor-open-lightbox=\"yes\" data-elementor-lightbox-slideshow=\"e70b638\" data-elementor-lightbox-title=\"5\" data-e-action-hash=\"#elementor-action%3Aaction%3Dlightbox%26settings%3DeyJpZCI6MTkwMywidXJsIjoiaHR0cHM6XC9cL2ZpenlrYS16c2VsLnBsXC9ob21lXC93cC1jb250ZW50XC91cGxvYWRzXC8yMDE4XC8wNFwvNS0zMC5qcGciLCJzbGlkZXNob3ciOiJlNzBiNjM4In0%3D\" href='https:\/\/fizyka-zsel.pl\/home\/wp-content\/uploads\/2018\/04\/5-30.jpg'><img loading=\"lazy\" decoding=\"async\" width=\"150\" height=\"150\" src=\"https:\/\/fizyka-zsel.pl\/home\/wp-content\/uploads\/2018\/04\/5-30-150x150.jpg\" class=\"attachment-thumbnail size-thumbnail\" alt=\"\" \/><\/a>\n\t\t\t<\/div><\/figure><figure class='gallery-item'>\n\t\t\t<div class='gallery-icon landscape'>\n\t\t\t\t<a data-elementor-open-lightbox=\"yes\" data-elementor-lightbox-slideshow=\"e70b638\" data-elementor-lightbox-title=\"6\" data-e-action-hash=\"#elementor-action%3Aaction%3Dlightbox%26settings%3DeyJpZCI6MTkwNCwidXJsIjoiaHR0cHM6XC9cL2ZpenlrYS16c2VsLnBsXC9ob21lXC93cC1jb250ZW50XC91cGxvYWRzXC8yMDE4XC8wNFwvNi0yOS5qcGciLCJzbGlkZXNob3ciOiJlNzBiNjM4In0%3D\" href='https:\/\/fizyka-zsel.pl\/home\/wp-content\/uploads\/2018\/04\/6-29.jpg'><img loading=\"lazy\" decoding=\"async\" width=\"150\" height=\"150\" src=\"https:\/\/fizyka-zsel.pl\/home\/wp-content\/uploads\/2018\/04\/6-29-150x150.jpg\" class=\"attachment-thumbnail size-thumbnail\" alt=\"\" \/><\/a>\n\t\t\t<\/div><\/figure><figure class='gallery-item'>\n\t\t\t<div class='gallery-icon landscape'>\n\t\t\t\t<a data-elementor-open-lightbox=\"yes\" data-elementor-lightbox-slideshow=\"e70b638\" data-elementor-lightbox-title=\"7\" data-e-action-hash=\"#elementor-action%3Aaction%3Dlightbox%26settings%3DeyJpZCI6MTkwNSwidXJsIjoiaHR0cHM6XC9cL2ZpenlrYS16c2VsLnBsXC9ob21lXC93cC1jb250ZW50XC91cGxvYWRzXC8yMDE4XC8wNFwvNy0yOS5qcGciLCJzbGlkZXNob3ciOiJlNzBiNjM4In0%3D\" href='https:\/\/fizyka-zsel.pl\/home\/wp-content\/uploads\/2018\/04\/7-29.jpg'><img loading=\"lazy\" decoding=\"async\" width=\"150\" height=\"150\" src=\"https:\/\/fizyka-zsel.pl\/home\/wp-content\/uploads\/2018\/04\/7-29-150x150.jpg\" class=\"attachment-thumbnail size-thumbnail\" alt=\"\" \/><\/a>\n\t\t\t<\/div><\/figure><figure class='gallery-item'>\n\t\t\t<div class='gallery-icon landscape'>\n\t\t\t\t<a data-elementor-open-lightbox=\"yes\" data-elementor-lightbox-slideshow=\"e70b638\" data-elementor-lightbox-title=\"8\" data-e-action-hash=\"#elementor-action%3Aaction%3Dlightbox%26settings%3DeyJpZCI6MTkwNiwidXJsIjoiaHR0cHM6XC9cL2ZpenlrYS16c2VsLnBsXC9ob21lXC93cC1jb250ZW50XC91cGxvYWRzXC8yMDE4XC8wNFwvOC0yOS5qcGciLCJzbGlkZXNob3ciOiJlNzBiNjM4In0%3D\" href='https:\/\/fizyka-zsel.pl\/home\/wp-content\/uploads\/2018\/04\/8-29.jpg'><img loading=\"lazy\" decoding=\"async\" width=\"150\" height=\"150\" src=\"https:\/\/fizyka-zsel.pl\/home\/wp-content\/uploads\/2018\/04\/8-29-150x150.jpg\" class=\"attachment-thumbnail size-thumbnail\" alt=\"\" \/><\/a>\n\t\t\t<\/div><\/figure><figure class='gallery-item'>\n\t\t\t<div class='gallery-icon landscape'>\n\t\t\t\t<a data-elementor-open-lightbox=\"yes\" data-elementor-lightbox-slideshow=\"e70b638\" data-elementor-lightbox-title=\"9\" data-e-action-hash=\"#elementor-action%3Aaction%3Dlightbox%26settings%3DeyJpZCI6MTkwNywidXJsIjoiaHR0cHM6XC9cL2ZpenlrYS16c2VsLnBsXC9ob21lXC93cC1jb250ZW50XC91cGxvYWRzXC8yMDE4XC8wNFwvOS0yOS5qcGciLCJzbGlkZXNob3ciOiJlNzBiNjM4In0%3D\" href='https:\/\/fizyka-zsel.pl\/home\/wp-content\/uploads\/2018\/04\/9-29.jpg'><img loading=\"lazy\" decoding=\"async\" width=\"150\" height=\"150\" src=\"https:\/\/fizyka-zsel.pl\/home\/wp-content\/uploads\/2018\/04\/9-29-150x150.jpg\" class=\"attachment-thumbnail size-thumbnail\" alt=\"\" \/><\/a>\n\t\t\t<\/div><\/figure><figure class='gallery-item'>\n\t\t\t<div class='gallery-icon landscape'>\n\t\t\t\t<a data-elementor-open-lightbox=\"yes\" data-elementor-lightbox-slideshow=\"e70b638\" data-elementor-lightbox-title=\"10\" data-e-action-hash=\"#elementor-action%3Aaction%3Dlightbox%26settings%3DeyJpZCI6MTkwOCwidXJsIjoiaHR0cHM6XC9cL2ZpenlrYS16c2VsLnBsXC9ob21lXC93cC1jb250ZW50XC91cGxvYWRzXC8yMDE4XC8wNFwvMTAtMjcuanBnIiwic2xpZGVzaG93IjoiZTcwYjYzOCJ9\" href='https:\/\/fizyka-zsel.pl\/home\/wp-content\/uploads\/2018\/04\/10-27.jpg'><img loading=\"lazy\" decoding=\"async\" width=\"150\" height=\"150\" src=\"https:\/\/fizyka-zsel.pl\/home\/wp-content\/uploads\/2018\/04\/10-27-150x150.jpg\" class=\"attachment-thumbnail size-thumbnail\" alt=\"\" \/><\/a>\n\t\t\t<\/div><\/figure><figure class='gallery-item'>\n\t\t\t<div class='gallery-icon landscape'>\n\t\t\t\t<a data-elementor-open-lightbox=\"yes\" data-elementor-lightbox-slideshow=\"e70b638\" data-elementor-lightbox-title=\"11\" data-e-action-hash=\"#elementor-action%3Aaction%3Dlightbox%26settings%3DeyJpZCI6MTkwOSwidXJsIjoiaHR0cHM6XC9cL2ZpenlrYS16c2VsLnBsXC9ob21lXC93cC1jb250ZW50XC91cGxvYWRzXC8yMDE4XC8wNFwvMTEtMjYuanBnIiwic2xpZGVzaG93IjoiZTcwYjYzOCJ9\" href='https:\/\/fizyka-zsel.pl\/home\/wp-content\/uploads\/2018\/04\/11-26.jpg'><img loading=\"lazy\" decoding=\"async\" width=\"150\" height=\"150\" src=\"https:\/\/fizyka-zsel.pl\/home\/wp-content\/uploads\/2018\/04\/11-26-150x150.jpg\" class=\"attachment-thumbnail size-thumbnail\" alt=\"\" \/><\/a>\n\t\t\t<\/div><\/figure><figure class='gallery-item'>\n\t\t\t<div class='gallery-icon landscape'>\n\t\t\t\t<a data-elementor-open-lightbox=\"yes\" data-elementor-lightbox-slideshow=\"e70b638\" data-elementor-lightbox-title=\"12\" data-e-action-hash=\"#elementor-action%3Aaction%3Dlightbox%26settings%3DeyJpZCI6MTkxMCwidXJsIjoiaHR0cHM6XC9cL2ZpenlrYS16c2VsLnBsXC9ob21lXC93cC1jb250ZW50XC91cGxvYWRzXC8yMDE4XC8wNFwvMTItMjUuanBnIiwic2xpZGVzaG93IjoiZTcwYjYzOCJ9\" href='https:\/\/fizyka-zsel.pl\/home\/wp-content\/uploads\/2018\/04\/12-25.jpg'><img loading=\"lazy\" decoding=\"async\" width=\"150\" height=\"150\" src=\"https:\/\/fizyka-zsel.pl\/home\/wp-content\/uploads\/2018\/04\/12-25-150x150.jpg\" class=\"attachment-thumbnail size-thumbnail\" alt=\"\" \/><\/a>\n\t\t\t<\/div><\/figure>\n\t\t<\/div>\n\t\t<\/div>\n\t\t\t\t<\/div>\n\t\t\t\t<\/div>\n\t\t\t\t\t<\/div>\n\t\t<\/div>\n\t\t\t\t\t\t\t<\/div>\n\t\t<\/section>\n\t\t\t\t\t\t\t<\/div>\n\t\t","protected":false},"excerpt":{"rendered":"<p>&#8222;Co sprawia, \u017ce Mari\u0119 Sk\u0142odowsk\u0105 &#8211; Curie uznaje si\u0119 za kobiet\u0119 niezwyk\u0142\u0105?&#8221; &#8211; projekt edukacyjny &#8222;Linia \u017cycia i biogramy Marii Sk\u0142odowskiej-Curie&#8221; &#8211; ulotki, broszury informacyjne (uczniowie klas I) &#8211; termin: do ko\u0144ca marca &#8222;Wyj\u0105tkowe cechy osobowo\u015bci Marii Sk\u0142odowskiej-Curie jako kobiety&#8230; <a href=\"https:\/\/fizyka-zsel.pl\/home\/maria-sklodowska\/\" class=\"readmore\">Read more<span class=\"screen-reader-text\">Maria Sk\u0142odowska<\/span><span class=\"fa fa-angle-double-right\" aria-hidden=\"true\"><\/span><\/a><\/p>\n","protected":false},"author":1,"featured_media":0,"parent":0,"menu_order":0,"comment_status":"closed","ping_status":"closed","template":"","meta":{"footnotes":""},"_links":{"self":[{"href":"https:\/\/fizyka-zsel.pl\/home\/wp-json\/wp\/v2\/pages\/1895"}],"collection":[{"href":"https:\/\/fizyka-zsel.pl\/home\/wp-json\/wp\/v2\/pages"}],"about":[{"href":"https:\/\/fizyka-zsel.pl\/home\/wp-json\/wp\/v2\/types\/page"}],"author":[{"embeddable":true,"href":"https:\/\/fizyka-zsel.pl\/home\/wp-json\/wp\/v2\/users\/1"}],"replies":[{"embeddable":true,"href":"https:\/\/fizyka-zsel.pl\/home\/wp-json\/wp\/v2\/comments?post=1895"}],"version-history":[{"count":2,"href":"https:\/\/fizyka-zsel.pl\/home\/wp-json\/wp\/v2\/pages\/1895\/revisions"}],"predecessor-version":[{"id":1911,"href":"https:\/\/fizyka-zsel.pl\/home\/wp-json\/wp\/v2\/pages\/1895\/revisions\/1911"}],"wp:attachment":[{"href":"https:\/\/fizyka-zsel.pl\/home\/wp-json\/wp\/v2\/media?parent=1895"}],"curies":[{"name":"wp","href":"https:\/\/api.w.org\/{rel}","templated":true}]}}