{"id":186,"date":"2018-04-07T17:57:02","date_gmt":"2018-04-07T15:57:02","guid":{"rendered":"https:\/\/fizyka-zsel.pl\/home\/?page_id=186"},"modified":"2020-04-06T16:42:46","modified_gmt":"2020-04-06T14:42:46","slug":"strona-glowna","status":"publish","type":"page","link":"https:\/\/fizyka-zsel.pl\/home\/","title":{"rendered":"Strona g\u0142\u00f3wna"},"content":{"rendered":"<p>W zwi\u0105zku z pandemi\u0105 koronawirusa zaj\u0119cia z fizyki s\u0105 prowadzone zdalnie. Poni\u017cej znajduje si\u0119 link do zdalnych lekcji: <a href=\"http:\/\/moodle.fizyka-zsel.pl\/\">http:\/\/moodle.fizyka-zsel.pl\/<\/a><\/p>\n<p><img fetchpriority=\"high\" decoding=\"async\" src=\"https:\/\/fizyka-zsel.pl\/home\/wp-content\/uploads\/2018\/04\/tlo.jpg\" alt=\"\" srcset=\"https:\/\/fizyka-zsel.pl\/home\/wp-content\/uploads\/2018\/04\/tlo.jpg 999w, https:\/\/fizyka-zsel.pl\/home\/wp-content\/uploads\/2018\/04\/tlo-300x167.jpg 300w, https:\/\/fizyka-zsel.pl\/home\/wp-content\/uploads\/2018\/04\/tlo-768x428.jpg 768w\" sizes=\"(max-width: 800px) 100vw, 800px\" width=\"800\" height=\"446\"><\/p>\n","protected":false},"excerpt":{"rendered":"<p>W zwi\u0105zku z pandemi\u0105 koronawirusa zaj\u0119cia z fizyki s\u0105 prowadzone zdalnie. Poni\u017cej znajduje si\u0119 link do zdalnych lekcji: http:\/\/moodle.fizyka-zsel.pl\/<\/p>\n","protected":false},"author":1,"featured_media":0,"parent":0,"menu_order":0,"comment_status":"closed","ping_status":"closed","template":"","meta":{"footnotes":""},"_links":{"self":[{"href":"https:\/\/fizyka-zsel.pl\/home\/wp-json\/wp\/v2\/pages\/186"}],"collection":[{"href":"https:\/\/fizyka-zsel.pl\/home\/wp-json\/wp\/v2\/pages"}],"about":[{"href":"https:\/\/fizyka-zsel.pl\/home\/wp-json\/wp\/v2\/types\/page"}],"author":[{"embeddable":true,"href":"https:\/\/fizyka-zsel.pl\/home\/wp-json\/wp\/v2\/users\/1"}],"replies":[{"embeddable":true,"href":"https:\/\/fizyka-zsel.pl\/home\/wp-json\/wp\/v2\/comments?post=186"}],"version-history":[{"count":5,"href":"https:\/\/fizyka-zsel.pl\/home\/wp-json\/wp\/v2\/pages\/186\/revisions"}],"predecessor-version":[{"id":2627,"href":"https:\/\/fizyka-zsel.pl\/home\/wp-json\/wp\/v2\/pages\/186\/revisions\/2627"}],"wp:attachment":[{"href":"https:\/\/fizyka-zsel.pl\/home\/wp-json\/wp\/v2\/media?parent=186"}],"curies":[{"name":"wp","href":"https:\/\/api.w.org\/{rel}","templated":true}]}}