{"id":104,"date":"2018-04-07T16:13:22","date_gmt":"2018-04-07T14:13:22","guid":{"rendered":"https:\/\/fizyka-zsel.pl\/home\/?page_id=104"},"modified":"2020-04-06T16:44:56","modified_gmt":"2020-04-06T14:44:56","slug":"zajecia-dodatkowe","status":"publish","type":"page","link":"https:\/\/fizyka-zsel.pl\/home\/zajecia-dodatkowe\/","title":{"rendered":"Zaj\u0119cia dodatkowe"},"content":{"rendered":"<p>Zaj\u0119cia dla maturzyst\u00f3w: \u015broda 15:05 &#8211; 15:50<\/p>\n","protected":false},"excerpt":{"rendered":"<p>Zaj\u0119cia dla maturzyst\u00f3w: \u015broda 15:05 &#8211; 15:50<\/p>\n","protected":false},"author":1,"featured_media":0,"parent":0,"menu_order":0,"comment_status":"closed","ping_status":"closed","template":"","meta":{"footnotes":""},"_links":{"self":[{"href":"https:\/\/fizyka-zsel.pl\/home\/wp-json\/wp\/v2\/pages\/104"}],"collection":[{"href":"https:\/\/fizyka-zsel.pl\/home\/wp-json\/wp\/v2\/pages"}],"about":[{"href":"https:\/\/fizyka-zsel.pl\/home\/wp-json\/wp\/v2\/types\/page"}],"author":[{"embeddable":true,"href":"https:\/\/fizyka-zsel.pl\/home\/wp-json\/wp\/v2\/users\/1"}],"replies":[{"embeddable":true,"href":"https:\/\/fizyka-zsel.pl\/home\/wp-json\/wp\/v2\/comments?post=104"}],"version-history":[{"count":4,"href":"https:\/\/fizyka-zsel.pl\/home\/wp-json\/wp\/v2\/pages\/104\/revisions"}],"predecessor-version":[{"id":2628,"href":"https:\/\/fizyka-zsel.pl\/home\/wp-json\/wp\/v2\/pages\/104\/revisions\/2628"}],"wp:attachment":[{"href":"https:\/\/fizyka-zsel.pl\/home\/wp-json\/wp\/v2\/media?parent=104"}],"curies":[{"name":"wp","href":"https:\/\/api.w.org\/{rel}","templated":true}]}}